{"id":21330,"date":"2025-11-25T19:01:43","date_gmt":"2025-11-25T18:01:43","guid":{"rendered":"https:\/\/www.hirtenberg-apotheke.at\/katalog\/produkt\/la-roche-lipikar-stick-ap-soforthilfe-bei-juckreiz-15ml\/"},"modified":"2025-11-25T19:01:58","modified_gmt":"2025-11-25T18:01:58","slug":"la-roche-lipikar-stick-ap-soforthilfe-bei-juckreiz-15ml","status":"publish","type":"product","link":"https:\/\/www.hirtenberg-apotheke.at\/katalog\/produkt\/la-roche-lipikar-stick-ap-soforthilfe-bei-juckreiz-15ml\/","title":{"rendered":"La Roche LIPIKAR STICK AP+ Soforthilfe bei Juckreiz &#8211; 15ml"},"content":{"rendered":"<p>La Roche-Posay Lipikar Stick AP+ beruhigt die Haut und mildert sofort den Juckreiz. Der Stick zeichnet sich durch seine schnelle Wirksamkeit und einfache Handhabung aus. Er pflegt die Haut und verbessert das Hautbild w\u00e4hrend Neurodermitis-Sch\u00fcben und eignet sich zur Anwendung bei Gesicht, Armen, Beinen und H\u00e4nden. F\u00fcr die ganze Familie geeignet.<\/p>\n","protected":false},"excerpt":{"rendered":"<p>La Roche-Posay Lipikar Stick AP+ beruhigt die Haut und mildert sofort den Juckreiz. Der Stick zeichnet sich durch seine schnelle Wirksamkeit und einfache Handhabung aus. Er pflegt die Haut und verbessert das Hautbild w\u00e4hrend Neurodermitis-Sch\u00fcben und eignet sich zur Anwendung bei Gesicht, Armen, Beinen und H\u00e4nden. F\u00fcr die ganze Familie geeignet.<\/p>\n","protected":false},"featured_media":0,"template":"","meta":{"_acf_changed":false},"product_brand":[692],"product_cat":[317],"product_tag":[],"class_list":{"0":"post-21330","1":"product","2":"type-product","3":"status-publish","5":"product_brand-la-roche-posay","6":"product_cat-l","7":"pa_packungsgroesse-15ml","9":"first","10":"instock","11":"shipping-taxable","12":"purchasable","13":"product-type-simple"},"acf":[],"_links":{"self":[{"href":"https:\/\/www.hirtenberg-apotheke.at\/katalog\/wp-json\/wp\/v2\/product\/21330","targetHints":{"allow":["GET"]}}],"collection":[{"href":"https:\/\/www.hirtenberg-apotheke.at\/katalog\/wp-json\/wp\/v2\/product"}],"about":[{"href":"https:\/\/www.hirtenberg-apotheke.at\/katalog\/wp-json\/wp\/v2\/types\/product"}],"wp:attachment":[{"href":"https:\/\/www.hirtenberg-apotheke.at\/katalog\/wp-json\/wp\/v2\/media?parent=21330"}],"wp:term":[{"taxonomy":"product_brand","embeddable":true,"href":"https:\/\/www.hirtenberg-apotheke.at\/katalog\/wp-json\/wp\/v2\/product_brand?post=21330"},{"taxonomy":"product_cat","embeddable":true,"href":"https:\/\/www.hirtenberg-apotheke.at\/katalog\/wp-json\/wp\/v2\/product_cat?post=21330"},{"taxonomy":"product_tag","embeddable":true,"href":"https:\/\/www.hirtenberg-apotheke.at\/katalog\/wp-json\/wp\/v2\/product_tag?post=21330"}],"curies":[{"name":"wp","href":"https:\/\/api.w.org\/{rel}","templated":true}]}}