{"id":21359,"date":"2025-11-25T19:02:05","date_gmt":"2025-11-25T18:02:05","guid":{"rendered":"https:\/\/www.hirtenberg-apotheke.at\/katalog\/produkt\/la-roche-posay-lipikar-surgras-seifenstueck-150-g\/"},"modified":"2025-11-25T19:02:19","modified_gmt":"2025-11-25T18:02:19","slug":"la-roche-posay-lipikar-surgras-seifenstueck-150-g","status":"publish","type":"product","link":"https:\/\/www.hirtenberg-apotheke.at\/katalog\/produkt\/la-roche-posay-lipikar-surgras-seifenstueck-150-g\/","title":{"rendered":"La Roche-Posay Lipikar Surgras Seifenst\u00fcck 150 g"},"content":{"rendered":"<p>La Roche-Posay Lipikar Surgras Seife reinigt die Haut, ohne sie zu reizen und respektiert ihren nat\u00fcrlichen Schutzfilm. Niacinamid hilft den Wiederaufbau der Hautbarriere zu unterst\u00fctzen und mindert Spannungsgef\u00fchle. Kari\u00e9tebutter wirkt intensiv r\u00fcckfettend und schenkt der Haut wieder Geschmeidigkeit und Wohlbefinden.<\/p>\n","protected":false},"excerpt":{"rendered":"<p>La Roche-Posay Lipikar Surgras Seife reinigt die Haut, ohne sie zu reizen und respektiert ihren nat\u00fcrlichen Schutzfilm. Niacinamid hilft den Wiederaufbau der Hautbarriere zu unterst\u00fctzen und mindert Spannungsgef\u00fchle. Kari\u00e9tebutter wirkt intensiv r\u00fcckfettend und schenkt der Haut wieder Geschmeidigkeit und Wohlbefinden.<\/p>\n","protected":false},"featured_media":0,"template":"","meta":{"_acf_changed":false},"product_brand":[692],"product_cat":[317],"product_tag":[],"class_list":{"0":"post-21359","1":"product","2":"type-product","3":"status-publish","5":"product_brand-la-roche-posay","6":"product_cat-l","7":"pa_packungsgroesse-150g","9":"first","10":"instock","11":"shipping-taxable","12":"purchasable","13":"product-type-simple"},"acf":[],"_links":{"self":[{"href":"https:\/\/www.hirtenberg-apotheke.at\/katalog\/wp-json\/wp\/v2\/product\/21359","targetHints":{"allow":["GET"]}}],"collection":[{"href":"https:\/\/www.hirtenberg-apotheke.at\/katalog\/wp-json\/wp\/v2\/product"}],"about":[{"href":"https:\/\/www.hirtenberg-apotheke.at\/katalog\/wp-json\/wp\/v2\/types\/product"}],"wp:attachment":[{"href":"https:\/\/www.hirtenberg-apotheke.at\/katalog\/wp-json\/wp\/v2\/media?parent=21359"}],"wp:term":[{"taxonomy":"product_brand","embeddable":true,"href":"https:\/\/www.hirtenberg-apotheke.at\/katalog\/wp-json\/wp\/v2\/product_brand?post=21359"},{"taxonomy":"product_cat","embeddable":true,"href":"https:\/\/www.hirtenberg-apotheke.at\/katalog\/wp-json\/wp\/v2\/product_cat?post=21359"},{"taxonomy":"product_tag","embeddable":true,"href":"https:\/\/www.hirtenberg-apotheke.at\/katalog\/wp-json\/wp\/v2\/product_tag?post=21359"}],"curies":[{"name":"wp","href":"https:\/\/api.w.org\/{rel}","templated":true}]}}