{"id":21361,"date":"2025-11-25T19:02:05","date_gmt":"2025-11-25T18:02:05","guid":{"rendered":"https:\/\/www.hirtenberg-apotheke.at\/katalog\/produkt\/dermasence-vitop-forte-creme-100-ml\/"},"modified":"2025-11-25T19:02:26","modified_gmt":"2025-11-25T18:02:26","slug":"dermasence-vitop-forte-creme-100-ml","status":"publish","type":"product","link":"https:\/\/www.hirtenberg-apotheke.at\/katalog\/produkt\/dermasence-vitop-forte-creme-100-ml\/","title":{"rendered":"DERMASENCE VITOP Forte Creme 100 ML"},"content":{"rendered":"<p>Dermasence Vitop forte mindert Hautreizungen, Juckreiz und Schwellungen trockener und irritierter Haut und ist ideal bei trockener Haut und Neurodermitis. Mit ihrem hautvertr\u00e4glichen Aktiv-Komplex aus Waid, Aloe vera und Gr\u00fcnem Tee kann Dermasence Vitop forte bei regelm\u00e4\u00dfiger Anwendung Entz\u00fcndungssymptomen wirksam vorbeugen. Die Pflegecreme bildet einen atmungsaktiven Schutzfilm auf der Haut, der vor mechanischen Reizen sch\u00fctzt<\/p>\n","protected":false},"excerpt":{"rendered":"<p>Dermasence Vitop forte mindert Hautreizungen, Juckreiz und Schwellungen trockener und irritierter Haut und ist ideal bei trockener Haut und Neurodermitis. Mit ihrem hautvertr\u00e4glichen Aktiv-Komplex aus Waid, Aloe vera und Gr\u00fcnem Tee kann Dermasence Vitop forte bei regelm\u00e4\u00dfiger Anwendung Entz\u00fcndungssymptomen wirksam vorbeugen. Die Pflegecreme bildet einen atmungsaktiven Schutzfilm auf der Haut, der vor mechanischen Reizen sch\u00fctzt<\/p>\n","protected":false},"featured_media":21363,"template":"","meta":{"_acf_changed":false},"product_brand":[696],"product_cat":[295],"product_tag":[],"class_list":{"0":"post-21361","1":"product","2":"type-product","3":"status-publish","4":"has-post-thumbnail","6":"product_brand-dermasence","7":"product_cat-d","8":"pa_packungsgroesse-100ml","10":"first","11":"instock","12":"shipping-taxable","13":"purchasable","14":"product-type-simple"},"acf":[],"_links":{"self":[{"href":"https:\/\/www.hirtenberg-apotheke.at\/katalog\/wp-json\/wp\/v2\/product\/21361","targetHints":{"allow":["GET"]}}],"collection":[{"href":"https:\/\/www.hirtenberg-apotheke.at\/katalog\/wp-json\/wp\/v2\/product"}],"about":[{"href":"https:\/\/www.hirtenberg-apotheke.at\/katalog\/wp-json\/wp\/v2\/types\/product"}],"wp:featuredmedia":[{"embeddable":true,"href":"https:\/\/www.hirtenberg-apotheke.at\/katalog\/wp-json\/wp\/v2\/media\/21363"}],"wp:attachment":[{"href":"https:\/\/www.hirtenberg-apotheke.at\/katalog\/wp-json\/wp\/v2\/media?parent=21361"}],"wp:term":[{"taxonomy":"product_brand","embeddable":true,"href":"https:\/\/www.hirtenberg-apotheke.at\/katalog\/wp-json\/wp\/v2\/product_brand?post=21361"},{"taxonomy":"product_cat","embeddable":true,"href":"https:\/\/www.hirtenberg-apotheke.at\/katalog\/wp-json\/wp\/v2\/product_cat?post=21361"},{"taxonomy":"product_tag","embeddable":true,"href":"https:\/\/www.hirtenberg-apotheke.at\/katalog\/wp-json\/wp\/v2\/product_tag?post=21361"}],"curies":[{"name":"wp","href":"https:\/\/api.w.org\/{rel}","templated":true}]}}