{"id":21404,"date":"2025-11-25T19:02:38","date_gmt":"2025-11-25T18:02:38","guid":{"rendered":"https:\/\/www.hirtenberg-apotheke.at\/katalog\/produkt\/dermasel-spa-totes-meer-dusche-150-ml-rosenzauber\/"},"modified":"2025-11-25T19:02:47","modified_gmt":"2025-11-25T18:02:47","slug":"dermasel-spa-totes-meer-dusche-150-ml-rosenzauber","status":"publish","type":"product","link":"https:\/\/www.hirtenberg-apotheke.at\/katalog\/produkt\/dermasel-spa-totes-meer-dusche-150-ml-rosenzauber\/","title":{"rendered":"Dermasel spa Totes Meer Dusche 150 ml Rosenzauber"},"content":{"rendered":"<p>Dermasel spa Totes Meer Dusche ist DIE K\u00f6rperpflege f\u00fcr geschmeidige, samtweiche Haut. Dieses Produkt verw\u00f6hnt mit gl\u00e4ttenden Sch\u00f6nheitsmineralien aus dem Toten Meer und au\u00dfergew\u00f6hnlichen Inhaltsstoffen.<\/p>\n","protected":false},"excerpt":{"rendered":"<p>Dermasel spa Totes Meer Dusche ist DIE K\u00f6rperpflege f\u00fcr geschmeidige, samtweiche Haut. Dieses Produkt verw\u00f6hnt mit gl\u00e4ttenden Sch\u00f6nheitsmineralien aus dem Toten Meer und au\u00dfergew\u00f6hnlichen Inhaltsstoffen.<\/p>\n","protected":false},"featured_media":21406,"template":"","meta":{"_acf_changed":false},"product_brand":[700],"product_cat":[295],"product_tag":[],"class_list":{"0":"post-21404","1":"product","2":"type-product","3":"status-publish","4":"has-post-thumbnail","6":"product_brand-dermasel","7":"product_cat-d","8":"pa_packungsgroesse-150ml","10":"first","11":"instock","12":"shipping-taxable","13":"purchasable","14":"product-type-simple"},"acf":[],"_links":{"self":[{"href":"https:\/\/www.hirtenberg-apotheke.at\/katalog\/wp-json\/wp\/v2\/product\/21404","targetHints":{"allow":["GET"]}}],"collection":[{"href":"https:\/\/www.hirtenberg-apotheke.at\/katalog\/wp-json\/wp\/v2\/product"}],"about":[{"href":"https:\/\/www.hirtenberg-apotheke.at\/katalog\/wp-json\/wp\/v2\/types\/product"}],"wp:featuredmedia":[{"embeddable":true,"href":"https:\/\/www.hirtenberg-apotheke.at\/katalog\/wp-json\/wp\/v2\/media\/21406"}],"wp:attachment":[{"href":"https:\/\/www.hirtenberg-apotheke.at\/katalog\/wp-json\/wp\/v2\/media?parent=21404"}],"wp:term":[{"taxonomy":"product_brand","embeddable":true,"href":"https:\/\/www.hirtenberg-apotheke.at\/katalog\/wp-json\/wp\/v2\/product_brand?post=21404"},{"taxonomy":"product_cat","embeddable":true,"href":"https:\/\/www.hirtenberg-apotheke.at\/katalog\/wp-json\/wp\/v2\/product_cat?post=21404"},{"taxonomy":"product_tag","embeddable":true,"href":"https:\/\/www.hirtenberg-apotheke.at\/katalog\/wp-json\/wp\/v2\/product_tag?post=21404"}],"curies":[{"name":"wp","href":"https:\/\/api.w.org\/{rel}","templated":true}]}}