{"id":21444,"date":"2025-11-25T19:02:53","date_gmt":"2025-11-25T18:02:53","guid":{"rendered":"https:\/\/www.hirtenberg-apotheke.at\/katalog\/produkt\/la-roche-lipikar-lotion-fuer-trockene-haut-200ml\/"},"modified":"2025-11-25T19:03:12","modified_gmt":"2025-11-25T18:03:12","slug":"la-roche-lipikar-lotion-fuer-trockene-haut-200ml","status":"publish","type":"product","link":"https:\/\/www.hirtenberg-apotheke.at\/katalog\/produkt\/la-roche-lipikar-lotion-fuer-trockene-haut-200ml\/","title":{"rendered":"La Roche LIPIKAR LOTION f\u00fcr trockene Haut &#8211; 200ml"},"content":{"rendered":"<p>La Roche Lipikar Lotion 200 ml ist eine ideale, sch\u00fctzende K\u00f6rperpflege f\u00fcr die ganze Familie. Empfindliche und trockene Haut wird vor dem Austrocknen gesch\u00fctzt. Die Pflege ist ideal f\u00fcr empfindliche Haut<\/p>\n","protected":false},"excerpt":{"rendered":"<p>La Roche Lipikar Lotion 200 ml ist eine ideale, sch\u00fctzende K\u00f6rperpflege f\u00fcr die ganze Familie. Empfindliche und trockene Haut wird vor dem Austrocknen gesch\u00fctzt. Die Pflege ist ideal f\u00fcr empfindliche Haut<\/p>\n","protected":false},"featured_media":21446,"template":"","meta":{"_acf_changed":false},"product_brand":[692],"product_cat":[317],"product_tag":[],"class_list":{"0":"post-21444","1":"product","2":"type-product","3":"status-publish","4":"has-post-thumbnail","6":"product_brand-la-roche-posay","7":"product_cat-l","8":"pa_packungsgroesse-200ml","10":"first","11":"instock","12":"shipping-taxable","13":"purchasable","14":"product-type-simple"},"acf":[],"_links":{"self":[{"href":"https:\/\/www.hirtenberg-apotheke.at\/katalog\/wp-json\/wp\/v2\/product\/21444","targetHints":{"allow":["GET"]}}],"collection":[{"href":"https:\/\/www.hirtenberg-apotheke.at\/katalog\/wp-json\/wp\/v2\/product"}],"about":[{"href":"https:\/\/www.hirtenberg-apotheke.at\/katalog\/wp-json\/wp\/v2\/types\/product"}],"wp:featuredmedia":[{"embeddable":true,"href":"https:\/\/www.hirtenberg-apotheke.at\/katalog\/wp-json\/wp\/v2\/media\/21446"}],"wp:attachment":[{"href":"https:\/\/www.hirtenberg-apotheke.at\/katalog\/wp-json\/wp\/v2\/media?parent=21444"}],"wp:term":[{"taxonomy":"product_brand","embeddable":true,"href":"https:\/\/www.hirtenberg-apotheke.at\/katalog\/wp-json\/wp\/v2\/product_brand?post=21444"},{"taxonomy":"product_cat","embeddable":true,"href":"https:\/\/www.hirtenberg-apotheke.at\/katalog\/wp-json\/wp\/v2\/product_cat?post=21444"},{"taxonomy":"product_tag","embeddable":true,"href":"https:\/\/www.hirtenberg-apotheke.at\/katalog\/wp-json\/wp\/v2\/product_tag?post=21444"}],"curies":[{"name":"wp","href":"https:\/\/api.w.org\/{rel}","templated":true}]}}