{"id":21556,"date":"2025-11-25T19:04:10","date_gmt":"2025-11-25T18:04:10","guid":{"rendered":"https:\/\/www.hirtenberg-apotheke.at\/katalog\/produkt\/medipharma-cosmetics-olivenoel-fitness-dusche-200-ml\/"},"modified":"2025-11-25T19:04:29","modified_gmt":"2025-11-25T18:04:29","slug":"medipharma-cosmetics-olivenoel-fitness-dusche-200-ml","status":"publish","type":"product","link":"https:\/\/www.hirtenberg-apotheke.at\/katalog\/produkt\/medipharma-cosmetics-olivenoel-fitness-dusche-200-ml\/","title":{"rendered":"Medipharma Cosmetics Oliven\u00f6l Fitness-Dusche 200 ml"},"content":{"rendered":"<p>Medipharma Cosmetics Oliven\u00f6l Fitness-Dusche aktiviert K\u00f6rper, Geist und Seele und l\u00e4sst somit die t\u00e4gliche K\u00f6rperpflege zu einem mediterranen Erlebnis werden. Die neue Pflege-Formel mit Oliven\u00f6l gef\u00fcllten Vital-Perlen und hautpflegendem Panthenol sch\u00fctzt die Haut vor dem Austrocknen und pflegt sie samtig weich. Dieses Produkt ist in den Packungsgr\u00f6\u00dfen 100 ml und 200 ml erh\u00e4ltlich.<\/p>\n","protected":false},"excerpt":{"rendered":"<p>Medipharma Cosmetics Oliven\u00f6l Fitness-Dusche aktiviert K\u00f6rper, Geist und Seele und l\u00e4sst somit die t\u00e4gliche K\u00f6rperpflege zu einem mediterranen Erlebnis werden. Die neue Pflege-Formel mit Oliven\u00f6l gef\u00fcllten Vital-Perlen und hautpflegendem Panthenol sch\u00fctzt die Haut vor dem Austrocknen und pflegt sie samtig weich. Dieses Produkt ist in den Packungsgr\u00f6\u00dfen 100 ml und 200 ml erh\u00e4ltlich.<\/p>\n","protected":false},"featured_media":21558,"template":"","meta":{"_acf_changed":false},"product_brand":[727],"product_cat":[308],"product_tag":[],"class_list":{"0":"post-21556","1":"product","2":"type-product","3":"status-publish","4":"has-post-thumbnail","6":"product_brand-medipharma","7":"product_cat-m","8":"pa_packungsgroesse-200ml","10":"first","11":"instock","12":"shipping-taxable","13":"purchasable","14":"product-type-simple"},"acf":[],"_links":{"self":[{"href":"https:\/\/www.hirtenberg-apotheke.at\/katalog\/wp-json\/wp\/v2\/product\/21556","targetHints":{"allow":["GET"]}}],"collection":[{"href":"https:\/\/www.hirtenberg-apotheke.at\/katalog\/wp-json\/wp\/v2\/product"}],"about":[{"href":"https:\/\/www.hirtenberg-apotheke.at\/katalog\/wp-json\/wp\/v2\/types\/product"}],"wp:featuredmedia":[{"embeddable":true,"href":"https:\/\/www.hirtenberg-apotheke.at\/katalog\/wp-json\/wp\/v2\/media\/21558"}],"wp:attachment":[{"href":"https:\/\/www.hirtenberg-apotheke.at\/katalog\/wp-json\/wp\/v2\/media?parent=21556"}],"wp:term":[{"taxonomy":"product_brand","embeddable":true,"href":"https:\/\/www.hirtenberg-apotheke.at\/katalog\/wp-json\/wp\/v2\/product_brand?post=21556"},{"taxonomy":"product_cat","embeddable":true,"href":"https:\/\/www.hirtenberg-apotheke.at\/katalog\/wp-json\/wp\/v2\/product_cat?post=21556"},{"taxonomy":"product_tag","embeddable":true,"href":"https:\/\/www.hirtenberg-apotheke.at\/katalog\/wp-json\/wp\/v2\/product_tag?post=21556"}],"curies":[{"name":"wp","href":"https:\/\/api.w.org\/{rel}","templated":true}]}}