{"id":21587,"date":"2025-11-25T19:04:29","date_gmt":"2025-11-25T18:04:29","guid":{"rendered":"https:\/\/www.hirtenberg-apotheke.at\/katalog\/produkt\/eubos-hautbalsam-f-400-ml-nachfuellung\/"},"modified":"2025-11-25T19:04:44","modified_gmt":"2025-11-25T18:04:44","slug":"eubos-hautbalsam-f-400-ml-nachfuellung","status":"publish","type":"product","link":"https:\/\/www.hirtenberg-apotheke.at\/katalog\/produkt\/eubos-hautbalsam-f-400-ml-nachfuellung\/","title":{"rendered":"Eubos Hautbalsam F 400 ml Nachf\u00fcllung"},"content":{"rendered":"<p>Eubos Hautbalsam F ist eine fett spendende, reichhaltige K\u00f6rperlotion f\u00fcr trockene und sehr trockene Haut zur t\u00e4glichen, medizinischen Hautpflege.<\/p>\n","protected":false},"excerpt":{"rendered":"<p>Eubos Hautbalsam F ist eine fett spendende, reichhaltige K\u00f6rperlotion f\u00fcr trockene und sehr trockene Haut zur t\u00e4glichen, medizinischen Hautpflege.<\/p>\n","protected":false},"featured_media":21589,"template":"","meta":{"_acf_changed":false},"product_brand":[709],"product_cat":[307],"product_tag":[],"class_list":{"0":"post-21587","1":"product","2":"type-product","3":"status-publish","4":"has-post-thumbnail","6":"product_brand-eubos","7":"product_cat-e","8":"pa_packungsgroesse-400ml","10":"first","11":"instock","12":"shipping-taxable","13":"purchasable","14":"product-type-simple"},"acf":[],"_links":{"self":[{"href":"https:\/\/www.hirtenberg-apotheke.at\/katalog\/wp-json\/wp\/v2\/product\/21587","targetHints":{"allow":["GET"]}}],"collection":[{"href":"https:\/\/www.hirtenberg-apotheke.at\/katalog\/wp-json\/wp\/v2\/product"}],"about":[{"href":"https:\/\/www.hirtenberg-apotheke.at\/katalog\/wp-json\/wp\/v2\/types\/product"}],"wp:featuredmedia":[{"embeddable":true,"href":"https:\/\/www.hirtenberg-apotheke.at\/katalog\/wp-json\/wp\/v2\/media\/21589"}],"wp:attachment":[{"href":"https:\/\/www.hirtenberg-apotheke.at\/katalog\/wp-json\/wp\/v2\/media?parent=21587"}],"wp:term":[{"taxonomy":"product_brand","embeddable":true,"href":"https:\/\/www.hirtenberg-apotheke.at\/katalog\/wp-json\/wp\/v2\/product_brand?post=21587"},{"taxonomy":"product_cat","embeddable":true,"href":"https:\/\/www.hirtenberg-apotheke.at\/katalog\/wp-json\/wp\/v2\/product_cat?post=21587"},{"taxonomy":"product_tag","embeddable":true,"href":"https:\/\/www.hirtenberg-apotheke.at\/katalog\/wp-json\/wp\/v2\/product_tag?post=21587"}],"curies":[{"name":"wp","href":"https:\/\/api.w.org\/{rel}","templated":true}]}}