{"id":21595,"date":"2025-11-25T19:04:47","date_gmt":"2025-11-25T18:04:47","guid":{"rendered":"https:\/\/www.hirtenberg-apotheke.at\/katalog\/produkt\/kneipp-naturkind-schaumbad-seeraeuber-40-ml\/"},"modified":"2025-11-25T19:04:49","modified_gmt":"2025-11-25T18:04:49","slug":"kneipp-naturkind-schaumbad-seeraeuber-40-ml","status":"publish","type":"product","link":"https:\/\/www.hirtenberg-apotheke.at\/katalog\/produkt\/kneipp-naturkind-schaumbad-seeraeuber-40-ml\/","title":{"rendered":"Kneipp Naturkind Schaumbad Seer\u00e4uber 40 ml"},"content":{"rendered":"<p>Ab in die Wanne mit dem Kneipp\u00ae naturkind Seer\u00e4uber Schaumbad! Das gr\u00fcne Schaumbad mit fruchtigem Apfelduft und riesigen Schaumbergen schickt kleine Piraten auf Abenteuerreise. Wertvoller Calendulaextrakt pflegt zarte Kinderhaut und nat\u00fcrliches Jojoba\u00f6l sch\u00fctzt sie vor dem Austrocknen.Mit Farbe und langanhaltendem Schaum zum Entdecken und Experimentieren \u2013 so wird Baden spielerisch zu einem Erlebnis f\u00fcr die kindlichen Sinne! Die Kneipp naturkind\u00ae Produkte haben wir mit ganz viel Liebe speziell f\u00fcr unsere Kinder entwickelt. Sie sind die ideale Kombination aus Pflege und Spa\u00df &#8211; f\u00fcr Kinder ab 3 Jahren.<\/p>\n","protected":false},"excerpt":{"rendered":"<p>Ab in die Wanne mit dem Kneipp\u00ae naturkind Seer\u00e4uber Schaumbad! Das gr\u00fcne Schaumbad mit fruchtigem Apfelduft und riesigen Schaumbergen schickt kleine Piraten auf Abenteuerreise. Wertvoller Calendulaextrakt pflegt zarte Kinderhaut und nat\u00fcrliches Jojoba\u00f6l sch\u00fctzt sie vor dem Austrocknen.Mit Farbe und langanhaltendem Schaum zum Entdecken und Experimentieren \u2013 so wird Baden spielerisch zu einem Erlebnis f\u00fcr die [&hellip;]<\/p>\n","protected":false},"featured_media":21597,"template":"","meta":{"_acf_changed":false},"product_brand":[680],"product_cat":[387],"product_tag":[],"class_list":{"0":"post-21595","1":"product","2":"type-product","3":"status-publish","4":"has-post-thumbnail","6":"product_brand-kneipp","7":"product_cat-k","8":"pa_packungsgroesse-40ml","10":"first","11":"instock","12":"shipping-taxable","13":"purchasable","14":"product-type-simple"},"acf":[],"_links":{"self":[{"href":"https:\/\/www.hirtenberg-apotheke.at\/katalog\/wp-json\/wp\/v2\/product\/21595","targetHints":{"allow":["GET"]}}],"collection":[{"href":"https:\/\/www.hirtenberg-apotheke.at\/katalog\/wp-json\/wp\/v2\/product"}],"about":[{"href":"https:\/\/www.hirtenberg-apotheke.at\/katalog\/wp-json\/wp\/v2\/types\/product"}],"wp:featuredmedia":[{"embeddable":true,"href":"https:\/\/www.hirtenberg-apotheke.at\/katalog\/wp-json\/wp\/v2\/media\/21597"}],"wp:attachment":[{"href":"https:\/\/www.hirtenberg-apotheke.at\/katalog\/wp-json\/wp\/v2\/media?parent=21595"}],"wp:term":[{"taxonomy":"product_brand","embeddable":true,"href":"https:\/\/www.hirtenberg-apotheke.at\/katalog\/wp-json\/wp\/v2\/product_brand?post=21595"},{"taxonomy":"product_cat","embeddable":true,"href":"https:\/\/www.hirtenberg-apotheke.at\/katalog\/wp-json\/wp\/v2\/product_cat?post=21595"},{"taxonomy":"product_tag","embeddable":true,"href":"https:\/\/www.hirtenberg-apotheke.at\/katalog\/wp-json\/wp\/v2\/product_tag?post=21595"}],"curies":[{"name":"wp","href":"https:\/\/api.w.org\/{rel}","templated":true}]}}