{"id":21598,"date":"2025-11-25T19:04:47","date_gmt":"2025-11-25T18:04:47","guid":{"rendered":"https:\/\/www.hirtenberg-apotheke.at\/katalog\/produkt\/pelbal-oelbad-500-ml\/"},"modified":"2025-11-25T19:08:42","modified_gmt":"2025-11-25T18:08:42","slug":"pelbal-oelbad-500-ml","status":"publish","type":"product","link":"https:\/\/www.hirtenberg-apotheke.at\/katalog\/produkt\/pelbal-oelbad-500-ml\/","title":{"rendered":"Pelbal \u00d6lbad 500 ml"},"content":{"rendered":"<p>Pelbal \u00d6lbad enth\u00e4lt eine ausgewogene Kombination hochwertiger \u00d6le und ist frei von Farbstoffen und Konservierungsmitteln. Daher ist es hervorragend f\u00fcr trockene und empfindliche Haut geeignet.<\/p>\n","protected":false},"excerpt":{"rendered":"<p>Pelbal \u00d6lbad enth\u00e4lt eine ausgewogene Kombination hochwertiger \u00d6le und ist frei von Farbstoffen und Konservierungsmitteln. Daher ist es hervorragend f\u00fcr trockene und empfindliche Haut geeignet.<\/p>\n","protected":false},"featured_media":0,"template":"","meta":{"_acf_changed":false},"product_brand":[],"product_cat":[302],"product_tag":[],"class_list":{"0":"post-21598","1":"product","2":"type-product","3":"status-publish","5":"product_cat-p","6":"pa_packungsgroesse-100ml","7":"pa_packungsgroesse-1l","8":"pa_packungsgroesse-200ml","9":"pa_packungsgroesse-500ml","11":"first","12":"instock","13":"shipping-taxable","14":"purchasable","15":"product-type-simple"},"acf":[],"_links":{"self":[{"href":"https:\/\/www.hirtenberg-apotheke.at\/katalog\/wp-json\/wp\/v2\/product\/21598","targetHints":{"allow":["GET"]}}],"collection":[{"href":"https:\/\/www.hirtenberg-apotheke.at\/katalog\/wp-json\/wp\/v2\/product"}],"about":[{"href":"https:\/\/www.hirtenberg-apotheke.at\/katalog\/wp-json\/wp\/v2\/types\/product"}],"wp:attachment":[{"href":"https:\/\/www.hirtenberg-apotheke.at\/katalog\/wp-json\/wp\/v2\/media?parent=21598"}],"wp:term":[{"taxonomy":"product_brand","embeddable":true,"href":"https:\/\/www.hirtenberg-apotheke.at\/katalog\/wp-json\/wp\/v2\/product_brand?post=21598"},{"taxonomy":"product_cat","embeddable":true,"href":"https:\/\/www.hirtenberg-apotheke.at\/katalog\/wp-json\/wp\/v2\/product_cat?post=21598"},{"taxonomy":"product_tag","embeddable":true,"href":"https:\/\/www.hirtenberg-apotheke.at\/katalog\/wp-json\/wp\/v2\/product_tag?post=21598"}],"curies":[{"name":"wp","href":"https:\/\/api.w.org\/{rel}","templated":true}]}}