{"id":21600,"date":"2025-11-25T19:04:47","date_gmt":"2025-11-25T18:04:47","guid":{"rendered":"https:\/\/www.hirtenberg-apotheke.at\/katalog\/produkt\/weleda-calendula-waschlotion-shampoo-200-ml\/"},"modified":"2025-11-25T19:04:53","modified_gmt":"2025-11-25T18:04:53","slug":"weleda-calendula-waschlotion-shampoo-200-ml","status":"publish","type":"product","link":"https:\/\/www.hirtenberg-apotheke.at\/katalog\/produkt\/weleda-calendula-waschlotion-shampoo-200-ml\/","title":{"rendered":"Weleda Calendula Waschlotion &#038; Shampoo 200 ml"},"content":{"rendered":"<p>Weleda Waschlotion + Shampoo Calendula h\u00e4lt dank Sesam\u00f6l und Mandel\u00f6l die Feuchtigkeit in der Haut, sch\u00fctzt vor dem Austrocknen und sorgt f\u00fcr ein seidig-zartes Haut- und Haargef\u00fchl. Dieses Produkt reinigt Haar und Haut sehr schonend und ist zudem sehr mild zu den Augen und ist daher super f\u00fcr Babys geeignet<\/p>\n","protected":false},"excerpt":{"rendered":"<p>Weleda Waschlotion + Shampoo Calendula h\u00e4lt dank Sesam\u00f6l und Mandel\u00f6l die Feuchtigkeit in der Haut, sch\u00fctzt vor dem Austrocknen und sorgt f\u00fcr ein seidig-zartes Haut- und Haargef\u00fchl. Dieses Produkt reinigt Haar und Haut sehr schonend und ist zudem sehr mild zu den Augen und ist daher super f\u00fcr Babys geeignet<\/p>\n","protected":false},"featured_media":0,"template":"","meta":{"_acf_changed":false},"product_brand":[554],"product_cat":[368],"product_tag":[],"class_list":{"0":"post-21600","1":"product","2":"type-product","3":"status-publish","5":"product_brand-weleda","6":"product_cat-w","7":"pa_packungsgroesse-200ml","9":"first","10":"instock","11":"shipping-taxable","12":"purchasable","13":"product-type-simple"},"acf":[],"_links":{"self":[{"href":"https:\/\/www.hirtenberg-apotheke.at\/katalog\/wp-json\/wp\/v2\/product\/21600","targetHints":{"allow":["GET"]}}],"collection":[{"href":"https:\/\/www.hirtenberg-apotheke.at\/katalog\/wp-json\/wp\/v2\/product"}],"about":[{"href":"https:\/\/www.hirtenberg-apotheke.at\/katalog\/wp-json\/wp\/v2\/types\/product"}],"wp:attachment":[{"href":"https:\/\/www.hirtenberg-apotheke.at\/katalog\/wp-json\/wp\/v2\/media?parent=21600"}],"wp:term":[{"taxonomy":"product_brand","embeddable":true,"href":"https:\/\/www.hirtenberg-apotheke.at\/katalog\/wp-json\/wp\/v2\/product_brand?post=21600"},{"taxonomy":"product_cat","embeddable":true,"href":"https:\/\/www.hirtenberg-apotheke.at\/katalog\/wp-json\/wp\/v2\/product_cat?post=21600"},{"taxonomy":"product_tag","embeddable":true,"href":"https:\/\/www.hirtenberg-apotheke.at\/katalog\/wp-json\/wp\/v2\/product_tag?post=21600"}],"curies":[{"name":"wp","href":"https:\/\/api.w.org\/{rel}","templated":true}]}}