{"id":21706,"date":"2025-11-25T19:05:54","date_gmt":"2025-11-25T18:05:54","guid":{"rendered":"https:\/\/www.hirtenberg-apotheke.at\/katalog\/produkt\/eubos-urea-5-hydrolotion-200-ml\/"},"modified":"2025-11-25T19:06:04","modified_gmt":"2025-11-25T18:06:04","slug":"eubos-urea-5-hydrolotion-200-ml","status":"publish","type":"product","link":"https:\/\/www.hirtenberg-apotheke.at\/katalog\/produkt\/eubos-urea-5-hydrolotion-200-ml\/","title":{"rendered":"Eubos UREA 5% Hydrolotion 200 ml"},"content":{"rendered":"<p>Eubos Urea 5% Hydro Lotion ist eine reichhaltige Wasser-in-\u00d6l (W\/O) Emulsion f\u00fcr sp\u00fcrbare Pflege bei trockener, spannender und rauer Haut. Wirkt gl\u00e4ttend und mindert Spannungsgef\u00fchl. Zur t\u00e4glichen Pflege.<\/p>\n","protected":false},"excerpt":{"rendered":"<p>Eubos Urea 5% Hydro Lotion ist eine reichhaltige Wasser-in-\u00d6l (W\/O) Emulsion f\u00fcr sp\u00fcrbare Pflege bei trockener, spannender und rauer Haut. Wirkt gl\u00e4ttend und mindert Spannungsgef\u00fchl. Zur t\u00e4glichen Pflege.<\/p>\n","protected":false},"featured_media":21708,"template":"","meta":{"_acf_changed":false},"product_brand":[709],"product_cat":[307],"product_tag":[],"class_list":{"0":"post-21706","1":"product","2":"type-product","3":"status-publish","4":"has-post-thumbnail","6":"product_brand-eubos","7":"product_cat-e","8":"pa_packungsgroesse-200ml","10":"first","11":"instock","12":"shipping-taxable","13":"purchasable","14":"product-type-simple"},"acf":[],"_links":{"self":[{"href":"https:\/\/www.hirtenberg-apotheke.at\/katalog\/wp-json\/wp\/v2\/product\/21706","targetHints":{"allow":["GET"]}}],"collection":[{"href":"https:\/\/www.hirtenberg-apotheke.at\/katalog\/wp-json\/wp\/v2\/product"}],"about":[{"href":"https:\/\/www.hirtenberg-apotheke.at\/katalog\/wp-json\/wp\/v2\/types\/product"}],"wp:featuredmedia":[{"embeddable":true,"href":"https:\/\/www.hirtenberg-apotheke.at\/katalog\/wp-json\/wp\/v2\/media\/21708"}],"wp:attachment":[{"href":"https:\/\/www.hirtenberg-apotheke.at\/katalog\/wp-json\/wp\/v2\/media?parent=21706"}],"wp:term":[{"taxonomy":"product_brand","embeddable":true,"href":"https:\/\/www.hirtenberg-apotheke.at\/katalog\/wp-json\/wp\/v2\/product_brand?post=21706"},{"taxonomy":"product_cat","embeddable":true,"href":"https:\/\/www.hirtenberg-apotheke.at\/katalog\/wp-json\/wp\/v2\/product_cat?post=21706"},{"taxonomy":"product_tag","embeddable":true,"href":"https:\/\/www.hirtenberg-apotheke.at\/katalog\/wp-json\/wp\/v2\/product_tag?post=21706"}],"curies":[{"name":"wp","href":"https:\/\/api.w.org\/{rel}","templated":true}]}}