{"id":21746,"date":"2025-11-25T19:06:15","date_gmt":"2025-11-25T18:06:15","guid":{"rendered":"https:\/\/www.hirtenberg-apotheke.at\/katalog\/produkt\/avocado-b12-pflegecreme-50-ml\/"},"modified":"2025-11-25T19:06:29","modified_gmt":"2025-11-25T18:06:29","slug":"avocado-b12-pflegecreme-50-ml","status":"publish","type":"product","link":"https:\/\/www.hirtenberg-apotheke.at\/katalog\/produkt\/avocado-b12-pflegecreme-50-ml\/","title":{"rendered":"Avocado B12 Pflegecreme 50 ml"},"content":{"rendered":"<p>Avocado B12 Pflegecreme dient zur \u00e4u\u00dferlichen Pflege von sehr empfindlicher und trockener Haut. Je nach Bedarf, einmal oder mehrmals t\u00e4glich d\u00fcnn auftragen und leicht einmassieren. Das Geheimnis der Avocado.B12 Creme ist die wunderbare Kombination aus Avocado-\u00d6l, Nachtkerzen\u00f6l und Urea.<\/p>\n","protected":false},"excerpt":{"rendered":"<p>Avocado B12 Pflegecreme dient zur \u00e4u\u00dferlichen Pflege von sehr empfindlicher und trockener Haut. Je nach Bedarf, einmal oder mehrmals t\u00e4glich d\u00fcnn auftragen und leicht einmassieren. Das Geheimnis der Avocado.B12 Creme ist die wunderbare Kombination aus Avocado-\u00d6l, Nachtkerzen\u00f6l und Urea.<\/p>\n","protected":false},"featured_media":0,"template":"","meta":{"_acf_changed":false},"product_brand":[],"product_cat":[299],"product_tag":[],"class_list":{"0":"post-21746","1":"product","2":"type-product","3":"status-publish","5":"product_cat-a","6":"pa_packungsgroesse-50ml","8":"first","9":"instock","10":"shipping-taxable","11":"purchasable","12":"product-type-simple"},"acf":[],"_links":{"self":[{"href":"https:\/\/www.hirtenberg-apotheke.at\/katalog\/wp-json\/wp\/v2\/product\/21746","targetHints":{"allow":["GET"]}}],"collection":[{"href":"https:\/\/www.hirtenberg-apotheke.at\/katalog\/wp-json\/wp\/v2\/product"}],"about":[{"href":"https:\/\/www.hirtenberg-apotheke.at\/katalog\/wp-json\/wp\/v2\/types\/product"}],"wp:attachment":[{"href":"https:\/\/www.hirtenberg-apotheke.at\/katalog\/wp-json\/wp\/v2\/media?parent=21746"}],"wp:term":[{"taxonomy":"product_brand","embeddable":true,"href":"https:\/\/www.hirtenberg-apotheke.at\/katalog\/wp-json\/wp\/v2\/product_brand?post=21746"},{"taxonomy":"product_cat","embeddable":true,"href":"https:\/\/www.hirtenberg-apotheke.at\/katalog\/wp-json\/wp\/v2\/product_cat?post=21746"},{"taxonomy":"product_tag","embeddable":true,"href":"https:\/\/www.hirtenberg-apotheke.at\/katalog\/wp-json\/wp\/v2\/product_tag?post=21746"}],"curies":[{"name":"wp","href":"https:\/\/api.w.org\/{rel}","templated":true}]}}