{"id":21759,"date":"2025-11-25T19:06:31","date_gmt":"2025-11-25T18:06:31","guid":{"rendered":"https:\/\/www.hirtenberg-apotheke.at\/katalog\/produkt\/aquatadeus-heilwasser-spray-250-ml\/"},"modified":"2025-11-25T19:06:38","modified_gmt":"2025-11-25T18:06:38","slug":"aquatadeus-heilwasser-spray-250-ml","status":"publish","type":"product","link":"https:\/\/www.hirtenberg-apotheke.at\/katalog\/produkt\/aquatadeus-heilwasser-spray-250-ml\/","title":{"rendered":"Aquatadeus Heilwasser Spray 250 ml"},"content":{"rendered":"<p>Nat\u00fcrliche Heilkraft bei entz\u00fcndlichen und infekti\u00f6sen Hauterkrankungen. Das Heilwasser ist reizlindernd und entz\u00fcndungshemmend und erh\u00f6ht den Feuchtigkeitsgehalt der Haut. Zudem lindert es Juckreiz, reduziert R\u00f6tungen und k\u00fchlt angenehm.<\/p>\n","protected":false},"excerpt":{"rendered":"<p>Nat\u00fcrliche Heilkraft bei entz\u00fcndlichen und infekti\u00f6sen Hauterkrankungen. Das Heilwasser ist reizlindernd und entz\u00fcndungshemmend und erh\u00f6ht den Feuchtigkeitsgehalt der Haut. Zudem lindert es Juckreiz, reduziert R\u00f6tungen und k\u00fchlt angenehm.<\/p>\n","protected":false},"featured_media":0,"template":"","meta":{"_acf_changed":false},"product_brand":[],"product_cat":[299],"product_tag":[],"class_list":{"0":"post-21759","1":"product","2":"type-product","3":"status-publish","5":"product_cat-a","6":"pa_packungsgroesse-250ml","8":"first","9":"instock","10":"shipping-taxable","11":"purchasable","12":"product-type-simple"},"acf":[],"_links":{"self":[{"href":"https:\/\/www.hirtenberg-apotheke.at\/katalog\/wp-json\/wp\/v2\/product\/21759","targetHints":{"allow":["GET"]}}],"collection":[{"href":"https:\/\/www.hirtenberg-apotheke.at\/katalog\/wp-json\/wp\/v2\/product"}],"about":[{"href":"https:\/\/www.hirtenberg-apotheke.at\/katalog\/wp-json\/wp\/v2\/types\/product"}],"wp:attachment":[{"href":"https:\/\/www.hirtenberg-apotheke.at\/katalog\/wp-json\/wp\/v2\/media?parent=21759"}],"wp:term":[{"taxonomy":"product_brand","embeddable":true,"href":"https:\/\/www.hirtenberg-apotheke.at\/katalog\/wp-json\/wp\/v2\/product_brand?post=21759"},{"taxonomy":"product_cat","embeddable":true,"href":"https:\/\/www.hirtenberg-apotheke.at\/katalog\/wp-json\/wp\/v2\/product_cat?post=21759"},{"taxonomy":"product_tag","embeddable":true,"href":"https:\/\/www.hirtenberg-apotheke.at\/katalog\/wp-json\/wp\/v2\/product_tag?post=21759"}],"curies":[{"name":"wp","href":"https:\/\/api.w.org\/{rel}","templated":true}]}}