{"id":21769,"date":"2025-11-25T19:06:31","date_gmt":"2025-11-25T18:06:31","guid":{"rendered":"https:\/\/www.hirtenberg-apotheke.at\/katalog\/produkt\/eubos-sensitive-pflege-duschoel-f-200-ml\/"},"modified":"2025-11-25T19:06:44","modified_gmt":"2025-11-25T18:06:44","slug":"eubos-sensitive-pflege-duschoel-f-200-ml","status":"publish","type":"product","link":"https:\/\/www.hirtenberg-apotheke.at\/katalog\/produkt\/eubos-sensitive-pflege-duschoel-f-200-ml\/","title":{"rendered":"Eubos Sensitive Pflege Dusch\u00f6l F 200 ml"},"content":{"rendered":"<p>Eubos Sensitive Dusch\u00f6l F wirkt intensiv r\u00fcckfettend bei milder Reinigung. F\u00fcr sensible und besonders trockene Haut. Sch\u00fctzt die nat\u00fcrliche Biosph\u00e4re der Haut.<\/p>\n","protected":false},"excerpt":{"rendered":"<p>Eubos Sensitive Dusch\u00f6l F wirkt intensiv r\u00fcckfettend bei milder Reinigung. F\u00fcr sensible und besonders trockene Haut. Sch\u00fctzt die nat\u00fcrliche Biosph\u00e4re der Haut.<\/p>\n","protected":false},"featured_media":21771,"template":"","meta":{"_acf_changed":false},"product_brand":[709],"product_cat":[307],"product_tag":[],"class_list":{"0":"post-21769","1":"product","2":"type-product","3":"status-publish","4":"has-post-thumbnail","6":"product_brand-eubos","7":"product_cat-e","8":"pa_packungsgroesse-200ml","10":"first","11":"instock","12":"shipping-taxable","13":"purchasable","14":"product-type-simple"},"acf":[],"_links":{"self":[{"href":"https:\/\/www.hirtenberg-apotheke.at\/katalog\/wp-json\/wp\/v2\/product\/21769","targetHints":{"allow":["GET"]}}],"collection":[{"href":"https:\/\/www.hirtenberg-apotheke.at\/katalog\/wp-json\/wp\/v2\/product"}],"about":[{"href":"https:\/\/www.hirtenberg-apotheke.at\/katalog\/wp-json\/wp\/v2\/types\/product"}],"wp:featuredmedia":[{"embeddable":true,"href":"https:\/\/www.hirtenberg-apotheke.at\/katalog\/wp-json\/wp\/v2\/media\/21771"}],"wp:attachment":[{"href":"https:\/\/www.hirtenberg-apotheke.at\/katalog\/wp-json\/wp\/v2\/media?parent=21769"}],"wp:term":[{"taxonomy":"product_brand","embeddable":true,"href":"https:\/\/www.hirtenberg-apotheke.at\/katalog\/wp-json\/wp\/v2\/product_brand?post=21769"},{"taxonomy":"product_cat","embeddable":true,"href":"https:\/\/www.hirtenberg-apotheke.at\/katalog\/wp-json\/wp\/v2\/product_cat?post=21769"},{"taxonomy":"product_tag","embeddable":true,"href":"https:\/\/www.hirtenberg-apotheke.at\/katalog\/wp-json\/wp\/v2\/product_tag?post=21769"}],"curies":[{"name":"wp","href":"https:\/\/api.w.org\/{rel}","templated":true}]}}