{"id":21776,"date":"2025-11-25T19:06:31","date_gmt":"2025-11-25T18:06:31","guid":{"rendered":"https:\/\/www.hirtenberg-apotheke.at\/katalog\/produkt\/melkfett-plus-ringelblumen-extrakt-250-g\/"},"modified":"2025-11-25T19:06:52","modified_gmt":"2025-11-25T18:06:52","slug":"melkfett-plus-ringelblumen-extrakt-250-g","status":"publish","type":"product","link":"https:\/\/www.hirtenberg-apotheke.at\/katalog\/produkt\/melkfett-plus-ringelblumen-extrakt-250-g\/","title":{"rendered":"Melkfett plus Ringelblumen-Extrakt 250 g"},"content":{"rendered":"<p>Melkfett plus Ringelblumen-Extrakt ist die beruhigende Pflege f\u00fcr empfindliche und strapazierte Haut. Das Produkt ist auch zur Pflege bei entz\u00fcndeten Hautstellen und zur Nachbehandlung von Wunden bew\u00e4hrt und zur t\u00e4glichen Anwendung geeignet. Melkfett mit Ringelblume hat sich zur t\u00e4glichen, universellen Hautpflege bew\u00e4hrt.<\/p>\n","protected":false},"excerpt":{"rendered":"<p>Melkfett plus Ringelblumen-Extrakt ist die beruhigende Pflege f\u00fcr empfindliche und strapazierte Haut. Das Produkt ist auch zur Pflege bei entz\u00fcndeten Hautstellen und zur Nachbehandlung von Wunden bew\u00e4hrt und zur t\u00e4glichen Anwendung geeignet. Melkfett mit Ringelblume hat sich zur t\u00e4glichen, universellen Hautpflege bew\u00e4hrt.<\/p>\n","protected":false},"featured_media":21778,"template":"","meta":{"_acf_changed":false},"product_brand":[],"product_cat":[308],"product_tag":[],"class_list":{"0":"post-21776","1":"product","2":"type-product","3":"status-publish","4":"has-post-thumbnail","6":"product_cat-m","7":"pa_packungsgroesse-250ml","9":"first","10":"instock","11":"shipping-taxable","12":"purchasable","13":"product-type-simple"},"acf":[],"_links":{"self":[{"href":"https:\/\/www.hirtenberg-apotheke.at\/katalog\/wp-json\/wp\/v2\/product\/21776","targetHints":{"allow":["GET"]}}],"collection":[{"href":"https:\/\/www.hirtenberg-apotheke.at\/katalog\/wp-json\/wp\/v2\/product"}],"about":[{"href":"https:\/\/www.hirtenberg-apotheke.at\/katalog\/wp-json\/wp\/v2\/types\/product"}],"wp:featuredmedia":[{"embeddable":true,"href":"https:\/\/www.hirtenberg-apotheke.at\/katalog\/wp-json\/wp\/v2\/media\/21778"}],"wp:attachment":[{"href":"https:\/\/www.hirtenberg-apotheke.at\/katalog\/wp-json\/wp\/v2\/media?parent=21776"}],"wp:term":[{"taxonomy":"product_brand","embeddable":true,"href":"https:\/\/www.hirtenberg-apotheke.at\/katalog\/wp-json\/wp\/v2\/product_brand?post=21776"},{"taxonomy":"product_cat","embeddable":true,"href":"https:\/\/www.hirtenberg-apotheke.at\/katalog\/wp-json\/wp\/v2\/product_cat?post=21776"},{"taxonomy":"product_tag","embeddable":true,"href":"https:\/\/www.hirtenberg-apotheke.at\/katalog\/wp-json\/wp\/v2\/product_tag?post=21776"}],"curies":[{"name":"wp","href":"https:\/\/api.w.org\/{rel}","templated":true}]}}