{"id":21819,"date":"2025-11-25T19:06:52","date_gmt":"2025-11-25T18:06:52","guid":{"rendered":"https:\/\/www.hirtenberg-apotheke.at\/katalog\/produkt\/dermovitamina-proctocare-creme-30-ml\/"},"modified":"2025-11-25T19:07:16","modified_gmt":"2025-11-25T18:07:16","slug":"dermovitamina-proctocare-creme-30-ml","status":"publish","type":"product","link":"https:\/\/www.hirtenberg-apotheke.at\/katalog\/produkt\/dermovitamina-proctocare-creme-30-ml\/","title":{"rendered":"Dermovitamina Proctocare Creme 30 ml"},"content":{"rendered":"<p>Die Dermovitamina Proctocare Creme dient zur akuten sowie pr\u00e4ventiven Behanldung von H\u00e4morrhoiden und Analfissuren. Aufgrund ihrer besonderen Galenik zieht sie gut und schnell ein, wodurch die umfangreichen Wirkstoffe rasch von der Haut aufgenommen werden und so eine umgehende Linderung der Symptome eintritt. Ausgestattet ist die Creme mit einem Applikator mit gro\u00dfen Seiten\u00f6ffnungen f\u00fcr ein leichteres Einf\u00fchren und einer hygienischen Abdeckung.<\/p>\n","protected":false},"excerpt":{"rendered":"<p>Die Dermovitamina Proctocare Creme dient zur akuten sowie pr\u00e4ventiven Behanldung von H\u00e4morrhoiden und Analfissuren. Aufgrund ihrer besonderen Galenik zieht sie gut und schnell ein, wodurch die umfangreichen Wirkstoffe rasch von der Haut aufgenommen werden und so eine umgehende Linderung der Symptome eintritt. Ausgestattet ist die Creme mit einem Applikator mit gro\u00dfen Seiten\u00f6ffnungen f\u00fcr ein leichteres [&hellip;]<\/p>\n","protected":false},"featured_media":0,"template":"","meta":{"_acf_changed":false},"product_brand":[],"product_cat":[295],"product_tag":[],"class_list":{"0":"post-21819","1":"product","2":"type-product","3":"status-publish","5":"product_cat-d","6":"pa_packungsgroesse-30ml","8":"first","9":"instock","10":"shipping-taxable","11":"purchasable","12":"product-type-simple"},"acf":[],"_links":{"self":[{"href":"https:\/\/www.hirtenberg-apotheke.at\/katalog\/wp-json\/wp\/v2\/product\/21819","targetHints":{"allow":["GET"]}}],"collection":[{"href":"https:\/\/www.hirtenberg-apotheke.at\/katalog\/wp-json\/wp\/v2\/product"}],"about":[{"href":"https:\/\/www.hirtenberg-apotheke.at\/katalog\/wp-json\/wp\/v2\/types\/product"}],"wp:attachment":[{"href":"https:\/\/www.hirtenberg-apotheke.at\/katalog\/wp-json\/wp\/v2\/media?parent=21819"}],"wp:term":[{"taxonomy":"product_brand","embeddable":true,"href":"https:\/\/www.hirtenberg-apotheke.at\/katalog\/wp-json\/wp\/v2\/product_brand?post=21819"},{"taxonomy":"product_cat","embeddable":true,"href":"https:\/\/www.hirtenberg-apotheke.at\/katalog\/wp-json\/wp\/v2\/product_cat?post=21819"},{"taxonomy":"product_tag","embeddable":true,"href":"https:\/\/www.hirtenberg-apotheke.at\/katalog\/wp-json\/wp\/v2\/product_tag?post=21819"}],"curies":[{"name":"wp","href":"https:\/\/api.w.org\/{rel}","templated":true}]}}