{"id":21828,"date":"2025-11-25T19:07:19","date_gmt":"2025-11-25T18:07:19","guid":{"rendered":"https:\/\/www.hirtenberg-apotheke.at\/katalog\/produkt\/dr-hauschka-seidenpuder-50-g\/"},"modified":"2025-11-25T19:07:23","modified_gmt":"2025-11-25T18:07:23","slug":"dr-hauschka-seidenpuder-50-g","status":"publish","type":"product","link":"https:\/\/www.hirtenberg-apotheke.at\/katalog\/produkt\/dr-hauschka-seidenpuder-50-g\/","title":{"rendered":"Dr. Hauschka Seidenpuder 50 g"},"content":{"rendered":"<p>Dr. Hauschka Seidenpuder verleiht zuverl\u00e4ssigen Schutz, pflegt die Haut und macht sie geschmeidig zart. Zudem entfaltet es auf der Haut eine leicht desodorierende und juckreizlindernde Wirkung. Die nat\u00fcrliche Hautflora wird stabilisiert. Die feine Puderkomposition ist sehr gut vertr\u00e4glich. Die K\u00f6rperhaut wird nat\u00fcrlich mattiert, auch sensible Haut wird auf milde Art und Weise gesch\u00fctzt.<\/p>\n","protected":false},"excerpt":{"rendered":"<p>Dr. Hauschka Seidenpuder verleiht zuverl\u00e4ssigen Schutz, pflegt die Haut und macht sie geschmeidig zart. Zudem entfaltet es auf der Haut eine leicht desodorierende und juckreizlindernde Wirkung. Die nat\u00fcrliche Hautflora wird stabilisiert. Die feine Puderkomposition ist sehr gut vertr\u00e4glich. Die K\u00f6rperhaut wird nat\u00fcrlich mattiert, auch sensible Haut wird auf milde Art und Weise gesch\u00fctzt.<\/p>\n","protected":false},"featured_media":0,"template":"","meta":{"_acf_changed":false},"product_brand":[695],"product_cat":[295],"product_tag":[],"class_list":{"0":"post-21828","1":"product","2":"type-product","3":"status-publish","5":"product_brand-dr-hauschka","6":"product_cat-d","7":"pa_packungsgroesse-50g","9":"first","10":"instock","11":"shipping-taxable","12":"purchasable","13":"product-type-simple"},"acf":[],"_links":{"self":[{"href":"https:\/\/www.hirtenberg-apotheke.at\/katalog\/wp-json\/wp\/v2\/product\/21828","targetHints":{"allow":["GET"]}}],"collection":[{"href":"https:\/\/www.hirtenberg-apotheke.at\/katalog\/wp-json\/wp\/v2\/product"}],"about":[{"href":"https:\/\/www.hirtenberg-apotheke.at\/katalog\/wp-json\/wp\/v2\/types\/product"}],"wp:attachment":[{"href":"https:\/\/www.hirtenberg-apotheke.at\/katalog\/wp-json\/wp\/v2\/media?parent=21828"}],"wp:term":[{"taxonomy":"product_brand","embeddable":true,"href":"https:\/\/www.hirtenberg-apotheke.at\/katalog\/wp-json\/wp\/v2\/product_brand?post=21828"},{"taxonomy":"product_cat","embeddable":true,"href":"https:\/\/www.hirtenberg-apotheke.at\/katalog\/wp-json\/wp\/v2\/product_cat?post=21828"},{"taxonomy":"product_tag","embeddable":true,"href":"https:\/\/www.hirtenberg-apotheke.at\/katalog\/wp-json\/wp\/v2\/product_tag?post=21828"}],"curies":[{"name":"wp","href":"https:\/\/api.w.org\/{rel}","templated":true}]}}