{"id":21834,"date":"2025-11-25T19:07:19","date_gmt":"2025-11-25T18:07:19","guid":{"rendered":"https:\/\/www.hirtenberg-apotheke.at\/katalog\/produkt\/eubos-sensitive-lotion-dermo-protective-200-ml\/"},"modified":"2025-11-25T19:07:27","modified_gmt":"2025-11-25T18:07:27","slug":"eubos-sensitive-lotion-dermo-protective-200-ml","status":"publish","type":"product","link":"https:\/\/www.hirtenberg-apotheke.at\/katalog\/produkt\/eubos-sensitive-lotion-dermo-protective-200-ml\/","title":{"rendered":"Eubos Sensitive Lotion Dermo-protective 200 ml"},"content":{"rendered":"<p>Eubos Sensitive Lotion Dermo-Protectiv ist eine K\u00f6rperlotion f\u00fcr sensible normale und trockene Haut f\u00fcr die t\u00e4gliche medizinische K\u00f6rperpflege.<\/p>\n","protected":false},"excerpt":{"rendered":"<p>Eubos Sensitive Lotion Dermo-Protectiv ist eine K\u00f6rperlotion f\u00fcr sensible normale und trockene Haut f\u00fcr die t\u00e4gliche medizinische K\u00f6rperpflege.<\/p>\n","protected":false},"featured_media":21836,"template":"","meta":{"_acf_changed":false},"product_brand":[709],"product_cat":[307],"product_tag":[],"class_list":{"0":"post-21834","1":"product","2":"type-product","3":"status-publish","4":"has-post-thumbnail","6":"product_brand-eubos","7":"product_cat-e","8":"pa_packungsgroesse-200ml","10":"first","11":"instock","12":"shipping-taxable","13":"purchasable","14":"product-type-simple"},"acf":[],"_links":{"self":[{"href":"https:\/\/www.hirtenberg-apotheke.at\/katalog\/wp-json\/wp\/v2\/product\/21834","targetHints":{"allow":["GET"]}}],"collection":[{"href":"https:\/\/www.hirtenberg-apotheke.at\/katalog\/wp-json\/wp\/v2\/product"}],"about":[{"href":"https:\/\/www.hirtenberg-apotheke.at\/katalog\/wp-json\/wp\/v2\/types\/product"}],"wp:featuredmedia":[{"embeddable":true,"href":"https:\/\/www.hirtenberg-apotheke.at\/katalog\/wp-json\/wp\/v2\/media\/21836"}],"wp:attachment":[{"href":"https:\/\/www.hirtenberg-apotheke.at\/katalog\/wp-json\/wp\/v2\/media?parent=21834"}],"wp:term":[{"taxonomy":"product_brand","embeddable":true,"href":"https:\/\/www.hirtenberg-apotheke.at\/katalog\/wp-json\/wp\/v2\/product_brand?post=21834"},{"taxonomy":"product_cat","embeddable":true,"href":"https:\/\/www.hirtenberg-apotheke.at\/katalog\/wp-json\/wp\/v2\/product_cat?post=21834"},{"taxonomy":"product_tag","embeddable":true,"href":"https:\/\/www.hirtenberg-apotheke.at\/katalog\/wp-json\/wp\/v2\/product_tag?post=21834"}],"curies":[{"name":"wp","href":"https:\/\/api.w.org\/{rel}","templated":true}]}}