{"id":21837,"date":"2025-11-25T19:07:19","date_gmt":"2025-11-25T18:07:19","guid":{"rendered":"https:\/\/www.hirtenberg-apotheke.at\/katalog\/produkt\/dr-hauschka-koerperoel-75-ml-zitrone-lemongrass\/"},"modified":"2025-11-25T19:07:28","modified_gmt":"2025-11-25T18:07:28","slug":"dr-hauschka-koerperoel-75-ml-zitrone-lemongrass","status":"publish","type":"product","link":"https:\/\/www.hirtenberg-apotheke.at\/katalog\/produkt\/dr-hauschka-koerperoel-75-ml-zitrone-lemongrass\/","title":{"rendered":"Dr. Hauschka K\u00f6rper\u00f6l 75 ml Zitrone Lemongrass"},"content":{"rendered":"<p>Dr. Hauschka Zitrone Lemongrass Pflege\u00f6l belebt und strafft die Haut. Die Komposition verbindet den aktivierenden Duft nat\u00fcrlicher \u00e4therischer \u00d6le mit pflegenden, st\u00e4rkenden \u00d6len und Heilpflanzenausz\u00fcgen. F\u00fcr das Pflege\u00f6l d\u00fcrfen hautfunktionsst\u00e4rkende Lemongrassbl\u00e4tter, Misteln, Ackerschachtelhalm und abgrenzungsst\u00e4rkende Zitronenschalen mit Sonnenblumen\u00f6l aus kontrolliert-biologischem Anbau nach einem eigenen rhythmischen Verfahren eine Woche lang reifen.<\/p>\n","protected":false},"excerpt":{"rendered":"<p>Dr. Hauschka Zitrone Lemongrass Pflege\u00f6l belebt und strafft die Haut. Die Komposition verbindet den aktivierenden Duft nat\u00fcrlicher \u00e4therischer \u00d6le mit pflegenden, st\u00e4rkenden \u00d6len und Heilpflanzenausz\u00fcgen. F\u00fcr das Pflege\u00f6l d\u00fcrfen hautfunktionsst\u00e4rkende Lemongrassbl\u00e4tter, Misteln, Ackerschachtelhalm und abgrenzungsst\u00e4rkende Zitronenschalen mit Sonnenblumen\u00f6l aus kontrolliert-biologischem Anbau nach einem eigenen rhythmischen Verfahren eine Woche lang reifen.<\/p>\n","protected":false},"featured_media":21839,"template":"","meta":{"_acf_changed":false},"product_brand":[695],"product_cat":[295],"product_tag":[],"class_list":{"0":"post-21837","1":"product","2":"type-product","3":"status-publish","4":"has-post-thumbnail","6":"product_brand-dr-hauschka","7":"product_cat-d","8":"pa_packungsgroesse-75ml","10":"first","11":"instock","12":"shipping-taxable","13":"purchasable","14":"product-type-simple"},"acf":[],"_links":{"self":[{"href":"https:\/\/www.hirtenberg-apotheke.at\/katalog\/wp-json\/wp\/v2\/product\/21837","targetHints":{"allow":["GET"]}}],"collection":[{"href":"https:\/\/www.hirtenberg-apotheke.at\/katalog\/wp-json\/wp\/v2\/product"}],"about":[{"href":"https:\/\/www.hirtenberg-apotheke.at\/katalog\/wp-json\/wp\/v2\/types\/product"}],"wp:featuredmedia":[{"embeddable":true,"href":"https:\/\/www.hirtenberg-apotheke.at\/katalog\/wp-json\/wp\/v2\/media\/21839"}],"wp:attachment":[{"href":"https:\/\/www.hirtenberg-apotheke.at\/katalog\/wp-json\/wp\/v2\/media?parent=21837"}],"wp:term":[{"taxonomy":"product_brand","embeddable":true,"href":"https:\/\/www.hirtenberg-apotheke.at\/katalog\/wp-json\/wp\/v2\/product_brand?post=21837"},{"taxonomy":"product_cat","embeddable":true,"href":"https:\/\/www.hirtenberg-apotheke.at\/katalog\/wp-json\/wp\/v2\/product_cat?post=21837"},{"taxonomy":"product_tag","embeddable":true,"href":"https:\/\/www.hirtenberg-apotheke.at\/katalog\/wp-json\/wp\/v2\/product_tag?post=21837"}],"curies":[{"name":"wp","href":"https:\/\/api.w.org\/{rel}","templated":true}]}}