{"id":21998,"date":"2025-11-25T19:09:00","date_gmt":"2025-11-25T18:09:00","guid":{"rendered":"https:\/\/www.hirtenberg-apotheke.at\/katalog\/produkt\/plantawell-koerpercreme-500-ml-aloe-vera\/"},"modified":"2025-11-25T19:09:18","modified_gmt":"2025-11-25T18:09:18","slug":"plantawell-koerpercreme-500-ml-aloe-vera","status":"publish","type":"product","link":"https:\/\/www.hirtenberg-apotheke.at\/katalog\/produkt\/plantawell-koerpercreme-500-ml-aloe-vera\/","title":{"rendered":"Plantawell K\u00f6rpercreme 500 ml Aloe Vera"},"content":{"rendered":"<p>Plantawell K\u00f6rpercreme versorgt die Haut mit wichtigen N\u00e4hrstoffen, um sie lange gesund zu halten. Die Creme wird unter hohen Qualit\u00e4tsstandards hergestellt<\/p>\n","protected":false},"excerpt":{"rendered":"<p>Plantawell K\u00f6rpercreme versorgt die Haut mit wichtigen N\u00e4hrstoffen, um sie lange gesund zu halten. Die Creme wird unter hohen Qualit\u00e4tsstandards hergestellt<\/p>\n","protected":false},"featured_media":22000,"template":"","meta":{"_acf_changed":false},"product_brand":[],"product_cat":[302],"product_tag":[],"class_list":{"0":"post-21998","1":"product","2":"type-product","3":"status-publish","4":"has-post-thumbnail","6":"product_cat-p","7":"pa_packungsgroesse-500ml","9":"first","10":"instock","11":"shipping-taxable","12":"purchasable","13":"product-type-simple"},"acf":[],"_links":{"self":[{"href":"https:\/\/www.hirtenberg-apotheke.at\/katalog\/wp-json\/wp\/v2\/product\/21998","targetHints":{"allow":["GET"]}}],"collection":[{"href":"https:\/\/www.hirtenberg-apotheke.at\/katalog\/wp-json\/wp\/v2\/product"}],"about":[{"href":"https:\/\/www.hirtenberg-apotheke.at\/katalog\/wp-json\/wp\/v2\/types\/product"}],"wp:featuredmedia":[{"embeddable":true,"href":"https:\/\/www.hirtenberg-apotheke.at\/katalog\/wp-json\/wp\/v2\/media\/22000"}],"wp:attachment":[{"href":"https:\/\/www.hirtenberg-apotheke.at\/katalog\/wp-json\/wp\/v2\/media?parent=21998"}],"wp:term":[{"taxonomy":"product_brand","embeddable":true,"href":"https:\/\/www.hirtenberg-apotheke.at\/katalog\/wp-json\/wp\/v2\/product_brand?post=21998"},{"taxonomy":"product_cat","embeddable":true,"href":"https:\/\/www.hirtenberg-apotheke.at\/katalog\/wp-json\/wp\/v2\/product_cat?post=21998"},{"taxonomy":"product_tag","embeddable":true,"href":"https:\/\/www.hirtenberg-apotheke.at\/katalog\/wp-json\/wp\/v2\/product_tag?post=21998"}],"curies":[{"name":"wp","href":"https:\/\/api.w.org\/{rel}","templated":true}]}}