{"id":22029,"date":"2025-11-25T19:09:20","date_gmt":"2025-11-25T18:09:20","guid":{"rendered":"https:\/\/www.hirtenberg-apotheke.at\/katalog\/produkt\/t-by-tetesept-eine-portion-glueck-badesalz-60-g\/"},"modified":"2025-11-25T19:09:38","modified_gmt":"2025-11-25T18:09:38","slug":"t-by-tetesept-eine-portion-glueck-badesalz-60-g","status":"publish","type":"product","link":"https:\/\/www.hirtenberg-apotheke.at\/katalog\/produkt\/t-by-tetesept-eine-portion-glueck-badesalz-60-g\/","title":{"rendered":"t: by tetesept Eine Portion Gl\u00fcck Badesalz 60 g"},"content":{"rendered":"<p>t: by tetesept Badesalz Eine Portion Gl\u00fcck schenkt dem Badewasser einen Hauch von Leichtigkeit. Die belebenden D\u00fcfte nach Vanille und Pfirsich verleihen Wohlf\u00fchlatmosph\u00e4re.<\/p>\n","protected":false},"excerpt":{"rendered":"<p>t: by tetesept Badesalz Eine Portion Gl\u00fcck schenkt dem Badewasser einen Hauch von Leichtigkeit. Die belebenden D\u00fcfte nach Vanille und Pfirsich verleihen Wohlf\u00fchlatmosph\u00e4re.<\/p>\n","protected":false},"featured_media":0,"template":"","meta":{"_acf_changed":false},"product_brand":[468],"product_cat":[319],"product_tag":[],"class_list":{"0":"post-22029","1":"product","2":"type-product","3":"status-publish","5":"product_brand-tetesept","6":"product_cat-t","7":"pa_packungsgroesse-60g","9":"first","10":"instock","11":"shipping-taxable","12":"purchasable","13":"product-type-simple"},"acf":[],"_links":{"self":[{"href":"https:\/\/www.hirtenberg-apotheke.at\/katalog\/wp-json\/wp\/v2\/product\/22029","targetHints":{"allow":["GET"]}}],"collection":[{"href":"https:\/\/www.hirtenberg-apotheke.at\/katalog\/wp-json\/wp\/v2\/product"}],"about":[{"href":"https:\/\/www.hirtenberg-apotheke.at\/katalog\/wp-json\/wp\/v2\/types\/product"}],"wp:attachment":[{"href":"https:\/\/www.hirtenberg-apotheke.at\/katalog\/wp-json\/wp\/v2\/media?parent=22029"}],"wp:term":[{"taxonomy":"product_brand","embeddable":true,"href":"https:\/\/www.hirtenberg-apotheke.at\/katalog\/wp-json\/wp\/v2\/product_brand?post=22029"},{"taxonomy":"product_cat","embeddable":true,"href":"https:\/\/www.hirtenberg-apotheke.at\/katalog\/wp-json\/wp\/v2\/product_cat?post=22029"},{"taxonomy":"product_tag","embeddable":true,"href":"https:\/\/www.hirtenberg-apotheke.at\/katalog\/wp-json\/wp\/v2\/product_tag?post=22029"}],"curies":[{"name":"wp","href":"https:\/\/api.w.org\/{rel}","templated":true}]}}