{"id":22084,"date":"2025-11-25T19:10:07","date_gmt":"2025-11-25T18:10:07","guid":{"rendered":"https:\/\/www.hirtenberg-apotheke.at\/katalog\/produkt\/dr-hauschka-koerpermilch-145-ml-quitte\/"},"modified":"2025-11-25T19:10:14","modified_gmt":"2025-11-25T18:10:14","slug":"dr-hauschka-koerpermilch-145-ml-quitte","status":"publish","type":"product","link":"https:\/\/www.hirtenberg-apotheke.at\/katalog\/produkt\/dr-hauschka-koerpermilch-145-ml-quitte\/","title":{"rendered":"Dr. Hauschka K\u00f6rpermilch 145 ml Quitte"},"content":{"rendered":"<p>Dr. Hauschka K\u00f6rpermilch weckt die Sinne, vitalisiert und bringt Schwung in den Tag. Die schnell einziehende K\u00f6rpermilch aktiviert und strafft zudem die Haut. Die Feuchtigkeit der Haut wird bewahrt und intensiv gepflegt. Sie ist immer eine gute Wahl \u2013 mit ihrem unkomplizierten Wesen und einem dezenten Duft, der Frauen und M\u00e4nnern gleicherma\u00dfen entgegenkommt, empfiehlt sich die Dr. Hauschka Quitten K\u00f6rpermilch als Ihre allt\u00e4gliche Begleitung. Sie versorgt Ihre Haut schnell mit Feuchtigkeit und unterst\u00fctzt sie dabei, Feuchtigkeit langfristig zu bewahren. Auch wenn Ihre Haut \u2013 zum Beispiel nach dem Sport oder der Sauna \u2013 eine kleine Erholungspause braucht, bietet diese K\u00f6rperlotion einen wohltuenden Ausgleich..<\/p>\n","protected":false},"excerpt":{"rendered":"<p>Dr. Hauschka K\u00f6rpermilch weckt die Sinne, vitalisiert und bringt Schwung in den Tag. Die schnell einziehende K\u00f6rpermilch aktiviert und strafft zudem die Haut. Die Feuchtigkeit der Haut wird bewahrt und intensiv gepflegt. Sie ist immer eine gute Wahl \u2013 mit ihrem unkomplizierten Wesen und einem dezenten Duft, der Frauen und M\u00e4nnern gleicherma\u00dfen entgegenkommt, empfiehlt sich [&hellip;]<\/p>\n","protected":false},"featured_media":22086,"template":"","meta":{"_acf_changed":false},"product_brand":[695],"product_cat":[295],"product_tag":[],"class_list":{"0":"post-22084","1":"product","2":"type-product","3":"status-publish","4":"has-post-thumbnail","6":"product_brand-dr-hauschka","7":"product_cat-d","8":"pa_packungsgroesse-145ml","10":"first","11":"instock","12":"shipping-taxable","13":"purchasable","14":"product-type-simple"},"acf":[],"_links":{"self":[{"href":"https:\/\/www.hirtenberg-apotheke.at\/katalog\/wp-json\/wp\/v2\/product\/22084","targetHints":{"allow":["GET"]}}],"collection":[{"href":"https:\/\/www.hirtenberg-apotheke.at\/katalog\/wp-json\/wp\/v2\/product"}],"about":[{"href":"https:\/\/www.hirtenberg-apotheke.at\/katalog\/wp-json\/wp\/v2\/types\/product"}],"wp:featuredmedia":[{"embeddable":true,"href":"https:\/\/www.hirtenberg-apotheke.at\/katalog\/wp-json\/wp\/v2\/media\/22086"}],"wp:attachment":[{"href":"https:\/\/www.hirtenberg-apotheke.at\/katalog\/wp-json\/wp\/v2\/media?parent=22084"}],"wp:term":[{"taxonomy":"product_brand","embeddable":true,"href":"https:\/\/www.hirtenberg-apotheke.at\/katalog\/wp-json\/wp\/v2\/product_brand?post=22084"},{"taxonomy":"product_cat","embeddable":true,"href":"https:\/\/www.hirtenberg-apotheke.at\/katalog\/wp-json\/wp\/v2\/product_cat?post=22084"},{"taxonomy":"product_tag","embeddable":true,"href":"https:\/\/www.hirtenberg-apotheke.at\/katalog\/wp-json\/wp\/v2\/product_tag?post=22084"}],"curies":[{"name":"wp","href":"https:\/\/api.w.org\/{rel}","templated":true}]}}