{"id":22110,"date":"2025-11-25T19:10:07","date_gmt":"2025-11-25T18:10:07","guid":{"rendered":"https:\/\/www.hirtenberg-apotheke.at\/katalog\/produkt\/olivenoel-schoenheitsdusche-200-ml\/"},"modified":"2025-11-25T19:10:28","modified_gmt":"2025-11-25T18:10:28","slug":"olivenoel-schoenheitsdusche-200-ml","status":"publish","type":"product","link":"https:\/\/www.hirtenberg-apotheke.at\/katalog\/produkt\/olivenoel-schoenheitsdusche-200-ml\/","title":{"rendered":"Oliven\u00f6l Sch\u00f6nheitsdusche 200 ml"},"content":{"rendered":"<p>Oliven\u00f6l Sch\u00f6nheitsdusche mit wertvollen Goldperlen verleiht ein unvergleichliches Pflegeerlebnis. Die Goldperlen enthalten 7 exklusive Pflege\u00f6le: Oliven\u00f6l, Argan\u00f6l, Traubenkern\u00f6l, Mandel\u00f6l, Aprikosenkern\u00f6l, Wildrosen\u00f6l und Avocado\u00f6l. Das Produkt pflegt und erfrischt Tag f\u00fcr Tag.<\/p>\n","protected":false},"excerpt":{"rendered":"<p>Oliven\u00f6l Sch\u00f6nheitsdusche mit wertvollen Goldperlen verleiht ein unvergleichliches Pflegeerlebnis. Die Goldperlen enthalten 7 exklusive Pflege\u00f6le: Oliven\u00f6l, Argan\u00f6l, Traubenkern\u00f6l, Mandel\u00f6l, Aprikosenkern\u00f6l, Wildrosen\u00f6l und Avocado\u00f6l. Das Produkt pflegt und erfrischt Tag f\u00fcr Tag.<\/p>\n","protected":false},"featured_media":0,"template":"","meta":{"_acf_changed":false},"product_brand":[701],"product_cat":[349],"product_tag":[],"class_list":{"0":"post-22110","1":"product","2":"type-product","3":"status-publish","5":"product_brand-olivenoel-theiss","6":"product_cat-o","7":"pa_packungsgroesse-200ml","9":"first","10":"instock","11":"shipping-taxable","12":"purchasable","13":"product-type-simple"},"acf":[],"_links":{"self":[{"href":"https:\/\/www.hirtenberg-apotheke.at\/katalog\/wp-json\/wp\/v2\/product\/22110","targetHints":{"allow":["GET"]}}],"collection":[{"href":"https:\/\/www.hirtenberg-apotheke.at\/katalog\/wp-json\/wp\/v2\/product"}],"about":[{"href":"https:\/\/www.hirtenberg-apotheke.at\/katalog\/wp-json\/wp\/v2\/types\/product"}],"wp:attachment":[{"href":"https:\/\/www.hirtenberg-apotheke.at\/katalog\/wp-json\/wp\/v2\/media?parent=22110"}],"wp:term":[{"taxonomy":"product_brand","embeddable":true,"href":"https:\/\/www.hirtenberg-apotheke.at\/katalog\/wp-json\/wp\/v2\/product_brand?post=22110"},{"taxonomy":"product_cat","embeddable":true,"href":"https:\/\/www.hirtenberg-apotheke.at\/katalog\/wp-json\/wp\/v2\/product_cat?post=22110"},{"taxonomy":"product_tag","embeddable":true,"href":"https:\/\/www.hirtenberg-apotheke.at\/katalog\/wp-json\/wp\/v2\/product_tag?post=22110"}],"curies":[{"name":"wp","href":"https:\/\/api.w.org\/{rel}","templated":true}]}}