{"id":22127,"date":"2025-11-25T19:10:31","date_gmt":"2025-11-25T18:10:31","guid":{"rendered":"https:\/\/www.hirtenberg-apotheke.at\/katalog\/produkt\/cutimed-acute-cremeschaum-1-stk-intensiv-125\/"},"modified":"2025-11-25T19:10:41","modified_gmt":"2025-11-25T18:10:41","slug":"cutimed-acute-cremeschaum-1-stk-intensiv-125","status":"publish","type":"product","link":"https:\/\/www.hirtenberg-apotheke.at\/katalog\/produkt\/cutimed-acute-cremeschaum-1-stk-intensiv-125\/","title":{"rendered":"Cutimed Acute Cremeschaum 1 Stk. intensiv 125"},"content":{"rendered":"<p>Cutimed Acute Cremeschaum ist ein Cremeschaum auf Ureabasis, der medizinische Hautpflege und Schutz f\u00fcr stark beanspruchte Haut bietet. Der Schaum erm\u00f6glicht eine zuverl\u00e4ssige und wirksame Feuchtigkeitsversorgung verschiedener Hautzust\u00e4nde.<\/p>\n","protected":false},"excerpt":{"rendered":"<p>Cutimed Acute Cremeschaum ist ein Cremeschaum auf Ureabasis, der medizinische Hautpflege und Schutz f\u00fcr stark beanspruchte Haut bietet. Der Schaum erm\u00f6glicht eine zuverl\u00e4ssige und wirksame Feuchtigkeitsversorgung verschiedener Hautzust\u00e4nde.<\/p>\n","protected":false},"featured_media":22129,"template":"","meta":{"_acf_changed":false},"product_brand":[],"product_cat":[337],"product_tag":[],"class_list":{"0":"post-22127","1":"product","2":"type-product","3":"status-publish","4":"has-post-thumbnail","6":"product_cat-c","7":"pa_packungsgroesse-125ml","9":"first","10":"instock","11":"shipping-taxable","12":"purchasable","13":"product-type-simple"},"acf":[],"_links":{"self":[{"href":"https:\/\/www.hirtenberg-apotheke.at\/katalog\/wp-json\/wp\/v2\/product\/22127","targetHints":{"allow":["GET"]}}],"collection":[{"href":"https:\/\/www.hirtenberg-apotheke.at\/katalog\/wp-json\/wp\/v2\/product"}],"about":[{"href":"https:\/\/www.hirtenberg-apotheke.at\/katalog\/wp-json\/wp\/v2\/types\/product"}],"wp:featuredmedia":[{"embeddable":true,"href":"https:\/\/www.hirtenberg-apotheke.at\/katalog\/wp-json\/wp\/v2\/media\/22129"}],"wp:attachment":[{"href":"https:\/\/www.hirtenberg-apotheke.at\/katalog\/wp-json\/wp\/v2\/media?parent=22127"}],"wp:term":[{"taxonomy":"product_brand","embeddable":true,"href":"https:\/\/www.hirtenberg-apotheke.at\/katalog\/wp-json\/wp\/v2\/product_brand?post=22127"},{"taxonomy":"product_cat","embeddable":true,"href":"https:\/\/www.hirtenberg-apotheke.at\/katalog\/wp-json\/wp\/v2\/product_cat?post=22127"},{"taxonomy":"product_tag","embeddable":true,"href":"https:\/\/www.hirtenberg-apotheke.at\/katalog\/wp-json\/wp\/v2\/product_tag?post=22127"}],"curies":[{"name":"wp","href":"https:\/\/api.w.org\/{rel}","templated":true}]}}