{"id":22165,"date":"2025-11-25T19:10:58","date_gmt":"2025-11-25T18:10:58","guid":{"rendered":"https:\/\/www.hirtenberg-apotheke.at\/katalog\/produkt\/weleda-weisse-malve-wundschutzcreme-baby-50-ml\/"},"modified":"2025-11-25T19:11:06","modified_gmt":"2025-11-25T18:11:06","slug":"weleda-weisse-malve-wundschutzcreme-baby-50-ml","status":"publish","type":"product","link":"https:\/\/www.hirtenberg-apotheke.at\/katalog\/produkt\/weleda-weisse-malve-wundschutzcreme-baby-50-ml\/","title":{"rendered":"Weleda Wei\u00dfe Malve Wundschutzcreme Baby 50 ml"},"content":{"rendered":"<p>Die sch\u00fctzende Creme mit sorgf\u00e4ltig ausgew\u00e4hlten Natursubstanzen regeneriert wirksam gereizte Haut im Windelbereich. Ein wertvoller Auszug aus Wei\u00dfer Bio-Malve beruhigt hochsensible Haut. Bio-Kokos\u00f6l und Bio-Sesam\u00f6l unterst\u00fctzen die nat\u00fcrliche Schutzfunktion der Haut. Zinkoxid sch\u00fctzt vor N\u00e4sse..<\/p>\n","protected":false},"excerpt":{"rendered":"<p>Die sch\u00fctzende Creme mit sorgf\u00e4ltig ausgew\u00e4hlten Natursubstanzen regeneriert wirksam gereizte Haut im Windelbereich. Ein wertvoller Auszug aus Wei\u00dfer Bio-Malve beruhigt hochsensible Haut. Bio-Kokos\u00f6l und Bio-Sesam\u00f6l unterst\u00fctzen die nat\u00fcrliche Schutzfunktion der Haut. Zinkoxid sch\u00fctzt vor N\u00e4sse..<\/p>\n","protected":false},"featured_media":0,"template":"","meta":{"_acf_changed":false},"product_brand":[554],"product_cat":[368],"product_tag":[],"class_list":{"0":"post-22165","1":"product","2":"type-product","3":"status-publish","5":"product_brand-weleda","6":"product_cat-w","7":"pa_packungsgroesse-50ml","9":"first","10":"instock","11":"shipping-taxable","12":"purchasable","13":"product-type-simple"},"acf":[],"_links":{"self":[{"href":"https:\/\/www.hirtenberg-apotheke.at\/katalog\/wp-json\/wp\/v2\/product\/22165","targetHints":{"allow":["GET"]}}],"collection":[{"href":"https:\/\/www.hirtenberg-apotheke.at\/katalog\/wp-json\/wp\/v2\/product"}],"about":[{"href":"https:\/\/www.hirtenberg-apotheke.at\/katalog\/wp-json\/wp\/v2\/types\/product"}],"wp:attachment":[{"href":"https:\/\/www.hirtenberg-apotheke.at\/katalog\/wp-json\/wp\/v2\/media?parent=22165"}],"wp:term":[{"taxonomy":"product_brand","embeddable":true,"href":"https:\/\/www.hirtenberg-apotheke.at\/katalog\/wp-json\/wp\/v2\/product_brand?post=22165"},{"taxonomy":"product_cat","embeddable":true,"href":"https:\/\/www.hirtenberg-apotheke.at\/katalog\/wp-json\/wp\/v2\/product_cat?post=22165"},{"taxonomy":"product_tag","embeddable":true,"href":"https:\/\/www.hirtenberg-apotheke.at\/katalog\/wp-json\/wp\/v2\/product_tag?post=22165"}],"curies":[{"name":"wp","href":"https:\/\/api.w.org\/{rel}","templated":true}]}}