{"id":22173,"date":"2025-11-25T19:10:58","date_gmt":"2025-11-25T18:10:58","guid":{"rendered":"https:\/\/www.hirtenberg-apotheke.at\/katalog\/produkt\/weleda-lavendel-entspannungsbad-200ml\/"},"modified":"2025-11-25T19:11:11","modified_gmt":"2025-11-25T18:11:11","slug":"weleda-lavendel-entspannungsbad-200ml","status":"publish","type":"product","link":"https:\/\/www.hirtenberg-apotheke.at\/katalog\/produkt\/weleda-lavendel-entspannungsbad-200ml\/","title":{"rendered":"Weleda Lavendel Entspannungs\u00adbad, 200ml"},"content":{"rendered":"<p>Wie ein Moment im Lavendelfeld. Das Bad mit echtem \u00e4therischen Lavendel\u00f6l beruhigt die Sinne, entspannt und f\u00f6rdert so einen guten Schlaf. Eintauchen in die Bade-Essenz Lavendel, hei\u00dft eintauchen in ein Meer von blau-violetten Lavendelfeldern S\u00fcdfrankreichs. Der Duft des echten \u00e4therischen Lavendel\u00f6ls, der kostbarste Bestandteil dieser Pflanze, l\u00e4sst Ihren K\u00f6rper v\u00f6llig entspannen und beruhigt Ihre Sinne. Diese ausgleichende Wirkung f\u00f6rdert einen gesunden Schlaf und balanciert Ihr Inneres nach einem stresserf\u00fcllten Tag aus. Aufgrund dieser Eigenschaften wurde Lavendel zur Heilpflanze des Jahres 2008 gek\u00fcrt. Die Bade-Essenz enth\u00e4lt ausgesuchte pflanzliche Rohstoffen und keine sch\u00e4umende Tenside oder synthetische Emulgatoren, die die Haut austrocknen k\u00f6nnten. Die sehr gute Hautvertr\u00e4glichkeit ist dermatologisch best\u00e4tigt.EmpfehlungFlasche gut sch\u00fctteln und kurz bevor das Badewasser ganz eingelassen ist 3 bis 4 Verschlusskappen der Bade-Essenz im Wasser verteilen. F\u00fcr einen Moment der Ruhe genie\u00dfen Sie am besten 10 bis 20 Minuten die wohltuenden \u00e4therischen D\u00fcfte der Bade-Essenz bei K\u00f6rpertemperatur (37\u00b0C).<\/p>\n","protected":false},"excerpt":{"rendered":"<p>Wie ein Moment im Lavendelfeld. Das Bad mit echtem \u00e4therischen Lavendel\u00f6l beruhigt die Sinne, entspannt und f\u00f6rdert so einen guten Schlaf. Eintauchen in die Bade-Essenz Lavendel, hei\u00dft eintauchen in ein Meer von blau-violetten Lavendelfeldern S\u00fcdfrankreichs. Der Duft des echten \u00e4therischen Lavendel\u00f6ls, der kostbarste Bestandteil dieser Pflanze, l\u00e4sst Ihren K\u00f6rper v\u00f6llig entspannen und beruhigt Ihre Sinne. [&hellip;]<\/p>\n","protected":false},"featured_media":0,"template":"","meta":{"_acf_changed":false},"product_brand":[554],"product_cat":[368],"product_tag":[],"class_list":{"0":"post-22173","1":"product","2":"type-product","3":"status-publish","5":"product_brand-weleda","6":"product_cat-w","7":"pa_packungsgroesse-200ml","9":"first","10":"instock","11":"shipping-taxable","12":"purchasable","13":"product-type-simple"},"acf":[],"_links":{"self":[{"href":"https:\/\/www.hirtenberg-apotheke.at\/katalog\/wp-json\/wp\/v2\/product\/22173","targetHints":{"allow":["GET"]}}],"collection":[{"href":"https:\/\/www.hirtenberg-apotheke.at\/katalog\/wp-json\/wp\/v2\/product"}],"about":[{"href":"https:\/\/www.hirtenberg-apotheke.at\/katalog\/wp-json\/wp\/v2\/types\/product"}],"wp:attachment":[{"href":"https:\/\/www.hirtenberg-apotheke.at\/katalog\/wp-json\/wp\/v2\/media?parent=22173"}],"wp:term":[{"taxonomy":"product_brand","embeddable":true,"href":"https:\/\/www.hirtenberg-apotheke.at\/katalog\/wp-json\/wp\/v2\/product_brand?post=22173"},{"taxonomy":"product_cat","embeddable":true,"href":"https:\/\/www.hirtenberg-apotheke.at\/katalog\/wp-json\/wp\/v2\/product_cat?post=22173"},{"taxonomy":"product_tag","embeddable":true,"href":"https:\/\/www.hirtenberg-apotheke.at\/katalog\/wp-json\/wp\/v2\/product_tag?post=22173"}],"curies":[{"name":"wp","href":"https:\/\/api.w.org\/{rel}","templated":true}]}}