{"id":22184,"date":"2025-11-25T19:11:14","date_gmt":"2025-11-25T18:11:14","guid":{"rendered":"https:\/\/www.hirtenberg-apotheke.at\/katalog\/produkt\/allgaeuer-latschenkiefer-besenreiser-75-ml-spray\/"},"modified":"2025-11-25T19:11:18","modified_gmt":"2025-11-25T18:11:18","slug":"allgaeuer-latschenkiefer-besenreiser-75-ml-spray","status":"publish","type":"product","link":"https:\/\/www.hirtenberg-apotheke.at\/katalog\/produkt\/allgaeuer-latschenkiefer-besenreiser-75-ml-spray\/","title":{"rendered":"Allg\u00e4uer Latschenkiefer Besenreiser 75 ml Spray"},"content":{"rendered":"<p>Allg\u00e4uer Latschenkiefer Besenreiser Pflegebalsam dient zur kosmetischen Beinpflege. F\u00fcr sch\u00f6ne Beine<\/p>\n","protected":false},"excerpt":{"rendered":"<p>Allg\u00e4uer Latschenkiefer Besenreiser Pflegebalsam dient zur kosmetischen Beinpflege. F\u00fcr sch\u00f6ne Beine<\/p>\n","protected":false},"featured_media":22186,"template":"","meta":{"_acf_changed":false},"product_brand":[804],"product_cat":[299],"product_tag":[],"class_list":{"0":"post-22184","1":"product","2":"type-product","3":"status-publish","4":"has-post-thumbnail","6":"product_brand-allgaeuer","7":"product_cat-a","8":"pa_packungsgroesse-75ml","10":"first","11":"instock","12":"shipping-taxable","13":"purchasable","14":"product-type-simple"},"acf":[],"_links":{"self":[{"href":"https:\/\/www.hirtenberg-apotheke.at\/katalog\/wp-json\/wp\/v2\/product\/22184","targetHints":{"allow":["GET"]}}],"collection":[{"href":"https:\/\/www.hirtenberg-apotheke.at\/katalog\/wp-json\/wp\/v2\/product"}],"about":[{"href":"https:\/\/www.hirtenberg-apotheke.at\/katalog\/wp-json\/wp\/v2\/types\/product"}],"wp:featuredmedia":[{"embeddable":true,"href":"https:\/\/www.hirtenberg-apotheke.at\/katalog\/wp-json\/wp\/v2\/media\/22186"}],"wp:attachment":[{"href":"https:\/\/www.hirtenberg-apotheke.at\/katalog\/wp-json\/wp\/v2\/media?parent=22184"}],"wp:term":[{"taxonomy":"product_brand","embeddable":true,"href":"https:\/\/www.hirtenberg-apotheke.at\/katalog\/wp-json\/wp\/v2\/product_brand?post=22184"},{"taxonomy":"product_cat","embeddable":true,"href":"https:\/\/www.hirtenberg-apotheke.at\/katalog\/wp-json\/wp\/v2\/product_cat?post=22184"},{"taxonomy":"product_tag","embeddable":true,"href":"https:\/\/www.hirtenberg-apotheke.at\/katalog\/wp-json\/wp\/v2\/product_tag?post=22184"}],"curies":[{"name":"wp","href":"https:\/\/api.w.org\/{rel}","templated":true}]}}