{"id":22343,"date":"2025-11-25T19:12:50","date_gmt":"2025-11-25T18:12:50","guid":{"rendered":"https:\/\/www.hirtenberg-apotheke.at\/katalog\/produkt\/freka-drainjet-iso-loesung-10-stk-120-ml\/"},"modified":"2025-11-25T19:13:03","modified_gmt":"2025-11-25T18:13:03","slug":"freka-drainjet-iso-loesung-10-stk-120-ml","status":"publish","type":"product","link":"https:\/\/www.hirtenberg-apotheke.at\/katalog\/produkt\/freka-drainjet-iso-loesung-10-stk-120-ml\/","title":{"rendered":"Freka Drainjet Iso L\u00f6sung 10 Stk. 120 ml"},"content":{"rendered":"<p>Freka Drainjet Iso L\u00f6sung dient zur internen und externen Anwendung. Die L\u00f6sung findet ihre Anwendung in der postoperativen Blasensp\u00fclung bei allen urologischen Eingriffen sowie bie Sp\u00fclungen im Magen-Darm-Trakt. Au\u00dferdem wird sie bei Sp\u00fclungen von Fisteln und Drainagen, bei der Wundbehandlung sowie zum Befeuchten von T\u00fcchern und Verb\u00e4nden eingesetzt. Dieses Produkt ist in den Packungsgr\u00f6\u00dfen 60 ml und 120 ml erh\u00e4ltlich.<\/p>\n","protected":false},"excerpt":{"rendered":"<p>Freka Drainjet Iso L\u00f6sung dient zur internen und externen Anwendung. Die L\u00f6sung findet ihre Anwendung in der postoperativen Blasensp\u00fclung bei allen urologischen Eingriffen sowie bie Sp\u00fclungen im Magen-Darm-Trakt. Au\u00dferdem wird sie bei Sp\u00fclungen von Fisteln und Drainagen, bei der Wundbehandlung sowie zum Befeuchten von T\u00fcchern und Verb\u00e4nden eingesetzt. Dieses Produkt ist in den Packungsgr\u00f6\u00dfen 60 [&hellip;]<\/p>\n","protected":false},"featured_media":22345,"template":"","meta":{"_acf_changed":false},"product_brand":[],"product_cat":[322],"product_tag":[],"class_list":{"0":"post-22343","1":"product","2":"type-product","3":"status-publish","4":"has-post-thumbnail","6":"product_cat-f","7":"pa_packungsgroesse-10-stueck","9":"first","10":"instock","11":"shipping-taxable","12":"purchasable","13":"product-type-simple"},"acf":[],"_links":{"self":[{"href":"https:\/\/www.hirtenberg-apotheke.at\/katalog\/wp-json\/wp\/v2\/product\/22343","targetHints":{"allow":["GET"]}}],"collection":[{"href":"https:\/\/www.hirtenberg-apotheke.at\/katalog\/wp-json\/wp\/v2\/product"}],"about":[{"href":"https:\/\/www.hirtenberg-apotheke.at\/katalog\/wp-json\/wp\/v2\/types\/product"}],"wp:featuredmedia":[{"embeddable":true,"href":"https:\/\/www.hirtenberg-apotheke.at\/katalog\/wp-json\/wp\/v2\/media\/22345"}],"wp:attachment":[{"href":"https:\/\/www.hirtenberg-apotheke.at\/katalog\/wp-json\/wp\/v2\/media?parent=22343"}],"wp:term":[{"taxonomy":"product_brand","embeddable":true,"href":"https:\/\/www.hirtenberg-apotheke.at\/katalog\/wp-json\/wp\/v2\/product_brand?post=22343"},{"taxonomy":"product_cat","embeddable":true,"href":"https:\/\/www.hirtenberg-apotheke.at\/katalog\/wp-json\/wp\/v2\/product_cat?post=22343"},{"taxonomy":"product_tag","embeddable":true,"href":"https:\/\/www.hirtenberg-apotheke.at\/katalog\/wp-json\/wp\/v2\/product_tag?post=22343"}],"curies":[{"name":"wp","href":"https:\/\/api.w.org\/{rel}","templated":true}]}}