{"id":22359,"date":"2025-11-25T19:13:08","date_gmt":"2025-11-25T18:13:08","guid":{"rendered":"https:\/\/www.hirtenberg-apotheke.at\/katalog\/produkt\/tiroler-steinoel-bad-250-ml\/"},"modified":"2025-11-25T19:13:11","modified_gmt":"2025-11-25T18:13:11","slug":"tiroler-steinoel-bad-250-ml","status":"publish","type":"product","link":"https:\/\/www.hirtenberg-apotheke.at\/katalog\/produkt\/tiroler-steinoel-bad-250-ml\/","title":{"rendered":"Tiroler Stein\u00f6l Bad 250 ml"},"content":{"rendered":"<p>Tiroler Stein\u00f6l Bad ist hat eine wohltuende Wirkung auf Muskeln und Gelenke. Es dient nicht nur zur \u00e4Badewannenkur daheim\u201c, das Stein\u00f6l-Bad kommt seit langem auch in Krankenh\u00e4usern, Reha-Zentren und Kuranstalten zur Anwendung<\/p>\n","protected":false},"excerpt":{"rendered":"<p>Tiroler Stein\u00f6l Bad ist hat eine wohltuende Wirkung auf Muskeln und Gelenke. Es dient nicht nur zur \u00e4Badewannenkur daheim\u201c, das Stein\u00f6l-Bad kommt seit langem auch in Krankenh\u00e4usern, Reha-Zentren und Kuranstalten zur Anwendung<\/p>\n","protected":false},"featured_media":0,"template":"","meta":{"_acf_changed":false},"product_brand":[],"product_cat":[319],"product_tag":[],"class_list":{"0":"post-22359","1":"product","2":"type-product","3":"status-publish","5":"product_cat-t","6":"pa_packungsgroesse-250ml","8":"first","9":"instock","10":"shipping-taxable","11":"purchasable","12":"product-type-simple"},"acf":[],"_links":{"self":[{"href":"https:\/\/www.hirtenberg-apotheke.at\/katalog\/wp-json\/wp\/v2\/product\/22359","targetHints":{"allow":["GET"]}}],"collection":[{"href":"https:\/\/www.hirtenberg-apotheke.at\/katalog\/wp-json\/wp\/v2\/product"}],"about":[{"href":"https:\/\/www.hirtenberg-apotheke.at\/katalog\/wp-json\/wp\/v2\/types\/product"}],"wp:attachment":[{"href":"https:\/\/www.hirtenberg-apotheke.at\/katalog\/wp-json\/wp\/v2\/media?parent=22359"}],"wp:term":[{"taxonomy":"product_brand","embeddable":true,"href":"https:\/\/www.hirtenberg-apotheke.at\/katalog\/wp-json\/wp\/v2\/product_brand?post=22359"},{"taxonomy":"product_cat","embeddable":true,"href":"https:\/\/www.hirtenberg-apotheke.at\/katalog\/wp-json\/wp\/v2\/product_cat?post=22359"},{"taxonomy":"product_tag","embeddable":true,"href":"https:\/\/www.hirtenberg-apotheke.at\/katalog\/wp-json\/wp\/v2\/product_tag?post=22359"}],"curies":[{"name":"wp","href":"https:\/\/api.w.org\/{rel}","templated":true}]}}