{"id":22361,"date":"2025-11-25T19:13:08","date_gmt":"2025-11-25T18:13:08","guid":{"rendered":"https:\/\/www.hirtenberg-apotheke.at\/katalog\/produkt\/kneipp-schaumdusche-wach-gekuesst-200-ml\/"},"modified":"2025-11-25T19:13:13","modified_gmt":"2025-11-25T18:13:13","slug":"kneipp-schaumdusche-wach-gekuesst-200-ml","status":"publish","type":"product","link":"https:\/\/www.hirtenberg-apotheke.at\/katalog\/produkt\/kneipp-schaumdusche-wach-gekuesst-200-ml\/","title":{"rendered":"Kneipp Schaumdusche Wach Gek\u00fcsst 200 ml"},"content":{"rendered":"<p>Kneipp Schaumdusche Wach Gek\u00fcsst \u2013 ein besonderer Moment, der einfach nur mir geh\u00f6rt. Der zarte Duft der Orangenbl\u00fcte und die besondere Textur mit nat\u00fcrlichem, pflegendem Jojoba\u00f6l schenken ein au\u00dfergew\u00f6hnliches Duscherlebnis.<\/p>\n","protected":false},"excerpt":{"rendered":"<p>Kneipp Schaumdusche Wach Gek\u00fcsst \u2013 ein besonderer Moment, der einfach nur mir geh\u00f6rt. Der zarte Duft der Orangenbl\u00fcte und die besondere Textur mit nat\u00fcrlichem, pflegendem Jojoba\u00f6l schenken ein au\u00dfergew\u00f6hnliches Duscherlebnis.<\/p>\n","protected":false},"featured_media":0,"template":"","meta":{"_acf_changed":false},"product_brand":[680],"product_cat":[387],"product_tag":[],"class_list":{"0":"post-22361","1":"product","2":"type-product","3":"status-publish","5":"product_brand-kneipp","6":"product_cat-k","7":"pa_packungsgroesse-200ml","9":"first","10":"instock","11":"shipping-taxable","12":"purchasable","13":"product-type-simple"},"acf":[],"_links":{"self":[{"href":"https:\/\/www.hirtenberg-apotheke.at\/katalog\/wp-json\/wp\/v2\/product\/22361","targetHints":{"allow":["GET"]}}],"collection":[{"href":"https:\/\/www.hirtenberg-apotheke.at\/katalog\/wp-json\/wp\/v2\/product"}],"about":[{"href":"https:\/\/www.hirtenberg-apotheke.at\/katalog\/wp-json\/wp\/v2\/types\/product"}],"wp:attachment":[{"href":"https:\/\/www.hirtenberg-apotheke.at\/katalog\/wp-json\/wp\/v2\/media?parent=22361"}],"wp:term":[{"taxonomy":"product_brand","embeddable":true,"href":"https:\/\/www.hirtenberg-apotheke.at\/katalog\/wp-json\/wp\/v2\/product_brand?post=22361"},{"taxonomy":"product_cat","embeddable":true,"href":"https:\/\/www.hirtenberg-apotheke.at\/katalog\/wp-json\/wp\/v2\/product_cat?post=22361"},{"taxonomy":"product_tag","embeddable":true,"href":"https:\/\/www.hirtenberg-apotheke.at\/katalog\/wp-json\/wp\/v2\/product_tag?post=22361"}],"curies":[{"name":"wp","href":"https:\/\/api.w.org\/{rel}","templated":true}]}}