{"id":22397,"date":"2025-11-25T19:13:24","date_gmt":"2025-11-25T18:13:24","guid":{"rendered":"https:\/\/www.hirtenberg-apotheke.at\/katalog\/produkt\/dr-hauschka-gesichtsdampfbad-100-ml\/"},"modified":"2025-11-25T19:13:35","modified_gmt":"2025-11-25T18:13:35","slug":"dr-hauschka-gesichtsdampfbad-100-ml","status":"publish","type":"product","link":"https:\/\/www.hirtenberg-apotheke.at\/katalog\/produkt\/dr-hauschka-gesichtsdampfbad-100-ml\/","title":{"rendered":"Dr. Hauschka Gesichtsdampfbad 100 ml"},"content":{"rendered":"<p>Dr. Hauschka Gesichtsdampfbad wirkt wohltuend, lo?send und aktiviert den gesunden Hautstoffwechsel  au\u00dferdem \u00f6ffnet es die Poren. F\u00fcr jede Haut, insbesondere f\u00fcr unreine, zu Entzu\u00fcndungen neigende Haut und Mischhaut ist das Gesichtsdampfbad die ideale Vorbereitung zur weiteren Tiefenreinigung. Die Komposition mit G\u00e4nsebl\u00fcmchen, Kapuzinerkresse und Zaubernuss regt die Hautdurchblutung an.<\/p>\n","protected":false},"excerpt":{"rendered":"<p>Dr. Hauschka Gesichtsdampfbad wirkt wohltuend, lo?send und aktiviert den gesunden Hautstoffwechsel au\u00dferdem \u00f6ffnet es die Poren. F\u00fcr jede Haut, insbesondere f\u00fcr unreine, zu Entzu\u00fcndungen neigende Haut und Mischhaut ist das Gesichtsdampfbad die ideale Vorbereitung zur weiteren Tiefenreinigung. Die Komposition mit G\u00e4nsebl\u00fcmchen, Kapuzinerkresse und Zaubernuss regt die Hautdurchblutung an.<\/p>\n","protected":false},"featured_media":22399,"template":"","meta":{"_acf_changed":false},"product_brand":[695],"product_cat":[295],"product_tag":[],"class_list":{"0":"post-22397","1":"product","2":"type-product","3":"status-publish","4":"has-post-thumbnail","6":"product_brand-dr-hauschka","7":"product_cat-d","8":"pa_packungsgroesse-100ml","10":"first","11":"instock","12":"shipping-taxable","13":"purchasable","14":"product-type-simple"},"acf":[],"_links":{"self":[{"href":"https:\/\/www.hirtenberg-apotheke.at\/katalog\/wp-json\/wp\/v2\/product\/22397","targetHints":{"allow":["GET"]}}],"collection":[{"href":"https:\/\/www.hirtenberg-apotheke.at\/katalog\/wp-json\/wp\/v2\/product"}],"about":[{"href":"https:\/\/www.hirtenberg-apotheke.at\/katalog\/wp-json\/wp\/v2\/types\/product"}],"wp:featuredmedia":[{"embeddable":true,"href":"https:\/\/www.hirtenberg-apotheke.at\/katalog\/wp-json\/wp\/v2\/media\/22399"}],"wp:attachment":[{"href":"https:\/\/www.hirtenberg-apotheke.at\/katalog\/wp-json\/wp\/v2\/media?parent=22397"}],"wp:term":[{"taxonomy":"product_brand","embeddable":true,"href":"https:\/\/www.hirtenberg-apotheke.at\/katalog\/wp-json\/wp\/v2\/product_brand?post=22397"},{"taxonomy":"product_cat","embeddable":true,"href":"https:\/\/www.hirtenberg-apotheke.at\/katalog\/wp-json\/wp\/v2\/product_cat?post=22397"},{"taxonomy":"product_tag","embeddable":true,"href":"https:\/\/www.hirtenberg-apotheke.at\/katalog\/wp-json\/wp\/v2\/product_tag?post=22397"}],"curies":[{"name":"wp","href":"https:\/\/api.w.org\/{rel}","templated":true}]}}