{"id":22514,"date":"2025-11-25T19:14:55","date_gmt":"2025-11-25T18:14:55","guid":{"rendered":"https:\/\/www.hirtenberg-apotheke.at\/katalog\/produkt\/dermasel-spa-sexy-skin-totes-meer-koerperpeeling-38-ml-traube\/"},"modified":"2025-11-25T19:14:58","modified_gmt":"2025-11-25T18:14:58","slug":"dermasel-spa-sexy-skin-totes-meer-koerperpeeling-38-ml-traube","status":"publish","type":"product","link":"https:\/\/www.hirtenberg-apotheke.at\/katalog\/produkt\/dermasel-spa-sexy-skin-totes-meer-koerperpeeling-38-ml-traube\/","title":{"rendered":"Dermasel spa sexy skin Totes Meer K\u00f6rperpeeling 38 ml Traube"},"content":{"rendered":"<p>Nat\u00fcrliche Mineralsalze aus dem Toten Meer (Maris Sal (Dead Sea Salts)) befreien die Haut von verhornten Hautzellen und Talgablagerungen und regen die Mikrozirkulation der Haut an. Die nat\u00fcrliche Wirkfunktion der Mineralsalze verbessert die Wasserbindekapazit\u00e4t in der Haut und hinterl\u00e4sst ein strafferes, gefestigtes Hautgef\u00fchl.Pflegende Natur\u00f6le, z.B. Rhizinus\u00f6l-Derivate (Hydrogenated Castor Oil)  wirken ausgezeichnet r\u00fcckfettend, umschmeicheln die Haut und machen sie so unvergleichlich weich, dass das Eincremen des K\u00f6rpers nach dem Duschen nicht mehr erforderlich ist.Bio-Emulgatoren verbinden \u00d6l &#038; Salz auf nat\u00fcrliche, hautschonende Weise.   Edle Weintrauben-Extrakte (Prosecco Extrakt Botanica\/Wine) und Traubenkern\u00f6l spenden der Haut verf\u00fchrerische Gl\u00e4tte. Mit dem prickelnden Duft der Traube!.<\/p>\n","protected":false},"excerpt":{"rendered":"<p>Nat\u00fcrliche Mineralsalze aus dem Toten Meer (Maris Sal (Dead Sea Salts)) befreien die Haut von verhornten Hautzellen und Talgablagerungen und regen die Mikrozirkulation der Haut an. Die nat\u00fcrliche Wirkfunktion der Mineralsalze verbessert die Wasserbindekapazit\u00e4t in der Haut und hinterl\u00e4sst ein strafferes, gefestigtes Hautgef\u00fchl.Pflegende Natur\u00f6le, z.B. Rhizinus\u00f6l-Derivate (Hydrogenated Castor Oil) wirken ausgezeichnet r\u00fcckfettend, umschmeicheln die Haut [&hellip;]<\/p>\n","protected":false},"featured_media":22516,"template":"","meta":{"_acf_changed":false},"product_brand":[700],"product_cat":[295],"product_tag":[],"class_list":{"0":"post-22514","1":"product","2":"type-product","3":"status-publish","4":"has-post-thumbnail","6":"product_brand-dermasel","7":"product_cat-d","8":"pa_packungsgroesse-38ml","10":"first","11":"instock","12":"shipping-taxable","13":"purchasable","14":"product-type-simple"},"acf":[],"_links":{"self":[{"href":"https:\/\/www.hirtenberg-apotheke.at\/katalog\/wp-json\/wp\/v2\/product\/22514","targetHints":{"allow":["GET"]}}],"collection":[{"href":"https:\/\/www.hirtenberg-apotheke.at\/katalog\/wp-json\/wp\/v2\/product"}],"about":[{"href":"https:\/\/www.hirtenberg-apotheke.at\/katalog\/wp-json\/wp\/v2\/types\/product"}],"wp:featuredmedia":[{"embeddable":true,"href":"https:\/\/www.hirtenberg-apotheke.at\/katalog\/wp-json\/wp\/v2\/media\/22516"}],"wp:attachment":[{"href":"https:\/\/www.hirtenberg-apotheke.at\/katalog\/wp-json\/wp\/v2\/media?parent=22514"}],"wp:term":[{"taxonomy":"product_brand","embeddable":true,"href":"https:\/\/www.hirtenberg-apotheke.at\/katalog\/wp-json\/wp\/v2\/product_brand?post=22514"},{"taxonomy":"product_cat","embeddable":true,"href":"https:\/\/www.hirtenberg-apotheke.at\/katalog\/wp-json\/wp\/v2\/product_cat?post=22514"},{"taxonomy":"product_tag","embeddable":true,"href":"https:\/\/www.hirtenberg-apotheke.at\/katalog\/wp-json\/wp\/v2\/product_tag?post=22514"}],"curies":[{"name":"wp","href":"https:\/\/api.w.org\/{rel}","templated":true}]}}