{"id":22531,"date":"2025-11-25T19:14:55","date_gmt":"2025-11-25T18:14:55","guid":{"rendered":"https:\/\/www.hirtenberg-apotheke.at\/katalog\/produkt\/speick-natural-koerper-lotion-250-ml\/"},"modified":"2025-11-25T19:15:08","modified_gmt":"2025-11-25T18:15:08","slug":"speick-natural-koerper-lotion-250-ml","status":"publish","type":"product","link":"https:\/\/www.hirtenberg-apotheke.at\/katalog\/produkt\/speick-natural-koerper-lotion-250-ml\/","title":{"rendered":"Speick Natural K\u00f6rper Lotion 250 ml"},"content":{"rendered":"<p>Mit der Begeisterung f\u00fcr eine ganz besondere, hochalpine Heilpflanze fing 1928 alles an. 87 Jahre sp\u00e4ter steht Speick Naturkosmetik f\u00fcr sanfte, nat\u00fcrliche und zugleich wirksame Produkte zur K\u00f6rperpflege. Weltweit einzigartig: In allen Speick-Produkten entfalten sich die harmonisierend wirkenden Heilkr\u00e4fte des Speick-Extrakts.<\/p>\n","protected":false},"excerpt":{"rendered":"<p>Mit der Begeisterung f\u00fcr eine ganz besondere, hochalpine Heilpflanze fing 1928 alles an. 87 Jahre sp\u00e4ter steht Speick Naturkosmetik f\u00fcr sanfte, nat\u00fcrliche und zugleich wirksame Produkte zur K\u00f6rperpflege. Weltweit einzigartig: In allen Speick-Produkten entfalten sich die harmonisierend wirkenden Heilkr\u00e4fte des Speick-Extrakts.<\/p>\n","protected":false},"featured_media":22533,"template":"","meta":{"_acf_changed":false},"product_brand":[],"product_cat":[303],"product_tag":[],"class_list":{"0":"post-22531","1":"product","2":"type-product","3":"status-publish","4":"has-post-thumbnail","6":"product_cat-s","7":"pa_packungsgroesse-250ml","9":"first","10":"instock","11":"shipping-taxable","12":"purchasable","13":"product-type-simple"},"acf":[],"_links":{"self":[{"href":"https:\/\/www.hirtenberg-apotheke.at\/katalog\/wp-json\/wp\/v2\/product\/22531","targetHints":{"allow":["GET"]}}],"collection":[{"href":"https:\/\/www.hirtenberg-apotheke.at\/katalog\/wp-json\/wp\/v2\/product"}],"about":[{"href":"https:\/\/www.hirtenberg-apotheke.at\/katalog\/wp-json\/wp\/v2\/types\/product"}],"wp:featuredmedia":[{"embeddable":true,"href":"https:\/\/www.hirtenberg-apotheke.at\/katalog\/wp-json\/wp\/v2\/media\/22533"}],"wp:attachment":[{"href":"https:\/\/www.hirtenberg-apotheke.at\/katalog\/wp-json\/wp\/v2\/media?parent=22531"}],"wp:term":[{"taxonomy":"product_brand","embeddable":true,"href":"https:\/\/www.hirtenberg-apotheke.at\/katalog\/wp-json\/wp\/v2\/product_brand?post=22531"},{"taxonomy":"product_cat","embeddable":true,"href":"https:\/\/www.hirtenberg-apotheke.at\/katalog\/wp-json\/wp\/v2\/product_cat?post=22531"},{"taxonomy":"product_tag","embeddable":true,"href":"https:\/\/www.hirtenberg-apotheke.at\/katalog\/wp-json\/wp\/v2\/product_tag?post=22531"}],"curies":[{"name":"wp","href":"https:\/\/api.w.org\/{rel}","templated":true}]}}