{"id":22537,"date":"2025-11-25T19:14:55","date_gmt":"2025-11-25T18:14:55","guid":{"rendered":"https:\/\/www.hirtenberg-apotheke.at\/katalog\/produkt\/lierac-phytolastil-gel-zur-vorbeugung-von-dehnungsstreifen-200-ml\/"},"modified":"2025-11-25T19:15:13","modified_gmt":"2025-11-25T18:15:13","slug":"lierac-phytolastil-gel-zur-vorbeugung-von-dehnungsstreifen-200-ml","status":"publish","type":"product","link":"https:\/\/www.hirtenberg-apotheke.at\/katalog\/produkt\/lierac-phytolastil-gel-zur-vorbeugung-von-dehnungsstreifen-200-ml\/","title":{"rendered":"Lierac Phytolastil Gel zur Vorbeugung von Dehnungsstreifen 200 ml"},"content":{"rendered":"<p>Lierac Phytolastil Gel zur Vorbeugung von Dehnungsstreifen 200 ml hilft Dehnungsstreifen an Busen, Bauch und H\u00fcften vorzubeugen. Die Festigkeit und Elastizit\u00e4t der Haut wird durch eine rein pflanzliche Wirkstoffsynergie gest\u00e4rkt und verbessert. Die optimale Erg\u00e4nzung w\u00e4hrend der Pubert\u00e4t und in der Schwangerschaft sowie bei Gewichtsschwankungen.<\/p>\n","protected":false},"excerpt":{"rendered":"<p>Lierac Phytolastil Gel zur Vorbeugung von Dehnungsstreifen 200 ml hilft Dehnungsstreifen an Busen, Bauch und H\u00fcften vorzubeugen. Die Festigkeit und Elastizit\u00e4t der Haut wird durch eine rein pflanzliche Wirkstoffsynergie gest\u00e4rkt und verbessert. Die optimale Erg\u00e4nzung w\u00e4hrend der Pubert\u00e4t und in der Schwangerschaft sowie bei Gewichtsschwankungen.<\/p>\n","protected":false},"featured_media":22539,"template":"","meta":{"_acf_changed":false},"product_brand":[724],"product_cat":[317],"product_tag":[],"class_list":{"0":"post-22537","1":"product","2":"type-product","3":"status-publish","4":"has-post-thumbnail","6":"product_brand-lierac","7":"product_cat-l","8":"pa_packungsgroesse-200ml","10":"first","11":"instock","12":"shipping-taxable","13":"purchasable","14":"product-type-simple"},"acf":[],"_links":{"self":[{"href":"https:\/\/www.hirtenberg-apotheke.at\/katalog\/wp-json\/wp\/v2\/product\/22537","targetHints":{"allow":["GET"]}}],"collection":[{"href":"https:\/\/www.hirtenberg-apotheke.at\/katalog\/wp-json\/wp\/v2\/product"}],"about":[{"href":"https:\/\/www.hirtenberg-apotheke.at\/katalog\/wp-json\/wp\/v2\/types\/product"}],"wp:featuredmedia":[{"embeddable":true,"href":"https:\/\/www.hirtenberg-apotheke.at\/katalog\/wp-json\/wp\/v2\/media\/22539"}],"wp:attachment":[{"href":"https:\/\/www.hirtenberg-apotheke.at\/katalog\/wp-json\/wp\/v2\/media?parent=22537"}],"wp:term":[{"taxonomy":"product_brand","embeddable":true,"href":"https:\/\/www.hirtenberg-apotheke.at\/katalog\/wp-json\/wp\/v2\/product_brand?post=22537"},{"taxonomy":"product_cat","embeddable":true,"href":"https:\/\/www.hirtenberg-apotheke.at\/katalog\/wp-json\/wp\/v2\/product_cat?post=22537"},{"taxonomy":"product_tag","embeddable":true,"href":"https:\/\/www.hirtenberg-apotheke.at\/katalog\/wp-json\/wp\/v2\/product_tag?post=22537"}],"curies":[{"name":"wp","href":"https:\/\/api.w.org\/{rel}","templated":true}]}}