{"id":22574,"date":"2025-11-25T19:15:39","date_gmt":"2025-11-25T18:15:39","guid":{"rendered":"https:\/\/www.hirtenberg-apotheke.at\/katalog\/produkt\/dermasel-med-totes-meer-koerpergel-hyaluron-150-ml\/"},"modified":"2025-11-25T19:15:41","modified_gmt":"2025-11-25T18:15:41","slug":"dermasel-med-totes-meer-koerpergel-hyaluron-150-ml","status":"publish","type":"product","link":"https:\/\/www.hirtenberg-apotheke.at\/katalog\/produkt\/dermasel-med-totes-meer-koerpergel-hyaluron-150-ml\/","title":{"rendered":"Dermasel med Totes Meer K\u00f6rpergel Hyaluron 150 ml"},"content":{"rendered":"<p>Dermasel med Totes Meer K\u00f6rpergel Hyaluron ist ein k\u00fchlendes, hautberuhigendes Feuchtigkeitsgel mit straffendem Anti-Aging-Effekt dank Hyalurons\u00e4ure und Salz aus dem Toten Meer.<\/p>\n","protected":false},"excerpt":{"rendered":"<p>Dermasel med Totes Meer K\u00f6rpergel Hyaluron ist ein k\u00fchlendes, hautberuhigendes Feuchtigkeitsgel mit straffendem Anti-Aging-Effekt dank Hyalurons\u00e4ure und Salz aus dem Toten Meer.<\/p>\n","protected":false},"featured_media":22576,"template":"","meta":{"_acf_changed":false},"product_brand":[700],"product_cat":[295],"product_tag":[],"class_list":{"0":"post-22574","1":"product","2":"type-product","3":"status-publish","4":"has-post-thumbnail","6":"product_brand-dermasel","7":"product_cat-d","8":"pa_packungsgroesse-150ml","10":"first","11":"instock","12":"shipping-taxable","13":"purchasable","14":"product-type-simple"},"acf":[],"_links":{"self":[{"href":"https:\/\/www.hirtenberg-apotheke.at\/katalog\/wp-json\/wp\/v2\/product\/22574","targetHints":{"allow":["GET"]}}],"collection":[{"href":"https:\/\/www.hirtenberg-apotheke.at\/katalog\/wp-json\/wp\/v2\/product"}],"about":[{"href":"https:\/\/www.hirtenberg-apotheke.at\/katalog\/wp-json\/wp\/v2\/types\/product"}],"wp:featuredmedia":[{"embeddable":true,"href":"https:\/\/www.hirtenberg-apotheke.at\/katalog\/wp-json\/wp\/v2\/media\/22576"}],"wp:attachment":[{"href":"https:\/\/www.hirtenberg-apotheke.at\/katalog\/wp-json\/wp\/v2\/media?parent=22574"}],"wp:term":[{"taxonomy":"product_brand","embeddable":true,"href":"https:\/\/www.hirtenberg-apotheke.at\/katalog\/wp-json\/wp\/v2\/product_brand?post=22574"},{"taxonomy":"product_cat","embeddable":true,"href":"https:\/\/www.hirtenberg-apotheke.at\/katalog\/wp-json\/wp\/v2\/product_cat?post=22574"},{"taxonomy":"product_tag","embeddable":true,"href":"https:\/\/www.hirtenberg-apotheke.at\/katalog\/wp-json\/wp\/v2\/product_tag?post=22574"}],"curies":[{"name":"wp","href":"https:\/\/api.w.org\/{rel}","templated":true}]}}