{"id":22598,"date":"2025-11-25T19:15:39","date_gmt":"2025-11-25T18:15:39","guid":{"rendered":"https:\/\/www.hirtenberg-apotheke.at\/katalog\/produkt\/melkfett-soft-emulsion-150-g\/"},"modified":"2025-11-25T19:15:57","modified_gmt":"2025-11-25T18:15:57","slug":"melkfett-soft-emulsion-150-g","status":"publish","type":"product","link":"https:\/\/www.hirtenberg-apotheke.at\/katalog\/produkt\/melkfett-soft-emulsion-150-g\/","title":{"rendered":"Melkfett Soft Emulsion 150 g"},"content":{"rendered":"<p>Melkfett Soft Emulsion pflegt und sch\u00fctzt die trockene und normale Haut. Die Creme beseitigt wirkungsvoll raue K\u00f6rperstellen und spr\u00f6de Lippen werden wieder geschmeidig.<\/p>\n","protected":false},"excerpt":{"rendered":"<p>Melkfett Soft Emulsion pflegt und sch\u00fctzt die trockene und normale Haut. Die Creme beseitigt wirkungsvoll raue K\u00f6rperstellen und spr\u00f6de Lippen werden wieder geschmeidig.<\/p>\n","protected":false},"featured_media":22600,"template":"","meta":{"_acf_changed":false},"product_brand":[],"product_cat":[308],"product_tag":[],"class_list":{"0":"post-22598","1":"product","2":"type-product","3":"status-publish","4":"has-post-thumbnail","6":"product_cat-m","7":"pa_packungsgroesse-150ml","9":"first","10":"instock","11":"shipping-taxable","12":"purchasable","13":"product-type-simple"},"acf":[],"_links":{"self":[{"href":"https:\/\/www.hirtenberg-apotheke.at\/katalog\/wp-json\/wp\/v2\/product\/22598","targetHints":{"allow":["GET"]}}],"collection":[{"href":"https:\/\/www.hirtenberg-apotheke.at\/katalog\/wp-json\/wp\/v2\/product"}],"about":[{"href":"https:\/\/www.hirtenberg-apotheke.at\/katalog\/wp-json\/wp\/v2\/types\/product"}],"wp:featuredmedia":[{"embeddable":true,"href":"https:\/\/www.hirtenberg-apotheke.at\/katalog\/wp-json\/wp\/v2\/media\/22600"}],"wp:attachment":[{"href":"https:\/\/www.hirtenberg-apotheke.at\/katalog\/wp-json\/wp\/v2\/media?parent=22598"}],"wp:term":[{"taxonomy":"product_brand","embeddable":true,"href":"https:\/\/www.hirtenberg-apotheke.at\/katalog\/wp-json\/wp\/v2\/product_brand?post=22598"},{"taxonomy":"product_cat","embeddable":true,"href":"https:\/\/www.hirtenberg-apotheke.at\/katalog\/wp-json\/wp\/v2\/product_cat?post=22598"},{"taxonomy":"product_tag","embeddable":true,"href":"https:\/\/www.hirtenberg-apotheke.at\/katalog\/wp-json\/wp\/v2\/product_tag?post=22598"}],"curies":[{"name":"wp","href":"https:\/\/api.w.org\/{rel}","templated":true}]}}