{"id":22643,"date":"2025-11-25T19:16:09","date_gmt":"2025-11-25T18:16:09","guid":{"rendered":"https:\/\/www.hirtenberg-apotheke.at\/katalog\/produkt\/dr-hauschka-salbei-bad-regulierendes-badeoel\/"},"modified":"2025-11-25T19:16:32","modified_gmt":"2025-11-25T18:16:32","slug":"dr-hauschka-salbei-bad-regulierendes-badeoel","status":"publish","type":"product","link":"https:\/\/www.hirtenberg-apotheke.at\/katalog\/produkt\/dr-hauschka-salbei-bad-regulierendes-badeoel\/","title":{"rendered":"Dr. Hauschka SALBEI BAD regulierendes Bade\u00f6l"},"content":{"rendered":"<p>Dr. Hauschka Bad ist eine ausgew\u00e4hlte Komposition \u00e4therischer \u00d6le, welche den K\u00f6rper mild pflegt. B\u00e4der der Marke Hauschka regenerieren beanspruchte Haut. Regelm\u00e4\u00dfig angewendet, machen sie die Haut wieder zart und weich.<\/p>\n","protected":false},"excerpt":{"rendered":"<p>Dr. Hauschka Bad ist eine ausgew\u00e4hlte Komposition \u00e4therischer \u00d6le, welche den K\u00f6rper mild pflegt. B\u00e4der der Marke Hauschka regenerieren beanspruchte Haut. Regelm\u00e4\u00dfig angewendet, machen sie die Haut wieder zart und weich.<\/p>\n","protected":false},"featured_media":0,"template":"","meta":{"_acf_changed":false},"product_brand":[695],"product_cat":[295],"product_tag":[],"class_list":{"0":"post-22643","1":"product","2":"type-product","3":"status-publish","5":"product_brand-dr-hauschka","6":"product_cat-d","7":"pa_packungsgroesse-100ml","9":"first","10":"instock","11":"shipping-taxable","12":"purchasable","13":"product-type-simple"},"acf":[],"_links":{"self":[{"href":"https:\/\/www.hirtenberg-apotheke.at\/katalog\/wp-json\/wp\/v2\/product\/22643","targetHints":{"allow":["GET"]}}],"collection":[{"href":"https:\/\/www.hirtenberg-apotheke.at\/katalog\/wp-json\/wp\/v2\/product"}],"about":[{"href":"https:\/\/www.hirtenberg-apotheke.at\/katalog\/wp-json\/wp\/v2\/types\/product"}],"wp:attachment":[{"href":"https:\/\/www.hirtenberg-apotheke.at\/katalog\/wp-json\/wp\/v2\/media?parent=22643"}],"wp:term":[{"taxonomy":"product_brand","embeddable":true,"href":"https:\/\/www.hirtenberg-apotheke.at\/katalog\/wp-json\/wp\/v2\/product_brand?post=22643"},{"taxonomy":"product_cat","embeddable":true,"href":"https:\/\/www.hirtenberg-apotheke.at\/katalog\/wp-json\/wp\/v2\/product_cat?post=22643"},{"taxonomy":"product_tag","embeddable":true,"href":"https:\/\/www.hirtenberg-apotheke.at\/katalog\/wp-json\/wp\/v2\/product_tag?post=22643"}],"curies":[{"name":"wp","href":"https:\/\/api.w.org\/{rel}","templated":true}]}}