{"id":22697,"date":"2025-11-25T19:17:10","date_gmt":"2025-11-25T18:17:10","guid":{"rendered":"https:\/\/www.hirtenberg-apotheke.at\/katalog\/produkt\/guam-fango-creme-fresco-kuehlend-250-ml\/"},"modified":"2025-11-25T19:17:15","modified_gmt":"2025-11-25T18:17:15","slug":"guam-fango-creme-fresco-kuehlend-250-ml","status":"publish","type":"product","link":"https:\/\/www.hirtenberg-apotheke.at\/katalog\/produkt\/guam-fango-creme-fresco-kuehlend-250-ml\/","title":{"rendered":"Guam Fango Creme Fresco k\u00fchlend 250 ml"},"content":{"rendered":"<p>Guam Fango Creme Fresco k\u00fchlend ist eine samtweiche Creme mit erfrischender Wirkung. Sie wurde eigens entwickelt, um Cellulite bedingten Sch\u00f6nheitsfehlern der Haut auf sp\u00fcrbare und sichtbare Weise entgegenzuwirken.<\/p>\n","protected":false},"excerpt":{"rendered":"<p>Guam Fango Creme Fresco k\u00fchlend ist eine samtweiche Creme mit erfrischender Wirkung. Sie wurde eigens entwickelt, um Cellulite bedingten Sch\u00f6nheitsfehlern der Haut auf sp\u00fcrbare und sichtbare Weise entgegenzuwirken.<\/p>\n","protected":false},"featured_media":22699,"template":"","meta":{"_acf_changed":false},"product_brand":[],"product_cat":[328],"product_tag":[],"class_list":{"0":"post-22697","1":"product","2":"type-product","3":"status-publish","4":"has-post-thumbnail","6":"product_cat-g","7":"pa_packungsgroesse-250ml","9":"first","10":"instock","11":"shipping-taxable","12":"purchasable","13":"product-type-simple"},"acf":[],"_links":{"self":[{"href":"https:\/\/www.hirtenberg-apotheke.at\/katalog\/wp-json\/wp\/v2\/product\/22697","targetHints":{"allow":["GET"]}}],"collection":[{"href":"https:\/\/www.hirtenberg-apotheke.at\/katalog\/wp-json\/wp\/v2\/product"}],"about":[{"href":"https:\/\/www.hirtenberg-apotheke.at\/katalog\/wp-json\/wp\/v2\/types\/product"}],"wp:featuredmedia":[{"embeddable":true,"href":"https:\/\/www.hirtenberg-apotheke.at\/katalog\/wp-json\/wp\/v2\/media\/22699"}],"wp:attachment":[{"href":"https:\/\/www.hirtenberg-apotheke.at\/katalog\/wp-json\/wp\/v2\/media?parent=22697"}],"wp:term":[{"taxonomy":"product_brand","embeddable":true,"href":"https:\/\/www.hirtenberg-apotheke.at\/katalog\/wp-json\/wp\/v2\/product_brand?post=22697"},{"taxonomy":"product_cat","embeddable":true,"href":"https:\/\/www.hirtenberg-apotheke.at\/katalog\/wp-json\/wp\/v2\/product_cat?post=22697"},{"taxonomy":"product_tag","embeddable":true,"href":"https:\/\/www.hirtenberg-apotheke.at\/katalog\/wp-json\/wp\/v2\/product_tag?post=22697"}],"curies":[{"name":"wp","href":"https:\/\/api.w.org\/{rel}","templated":true}]}}