{"id":22744,"date":"2025-11-25T19:17:32","date_gmt":"2025-11-25T18:17:32","guid":{"rendered":"https:\/\/www.hirtenberg-apotheke.at\/katalog\/produkt\/medipharma-cosmetics-nachtkerzen-balsam-hautzart-200-ml\/"},"modified":"2025-11-25T19:17:50","modified_gmt":"2025-11-25T18:17:50","slug":"medipharma-cosmetics-nachtkerzen-balsam-hautzart-200-ml","status":"publish","type":"product","link":"https:\/\/www.hirtenberg-apotheke.at\/katalog\/produkt\/medipharma-cosmetics-nachtkerzen-balsam-hautzart-200-ml\/","title":{"rendered":"Medipharma Cosmetics Nachtkerzen Balsam hautzart 200 ml"},"content":{"rendered":"<p>Medipharma Cosmetics Nachtkerzen Balsam hautzart beruhigt und pflegt trockene, sensible Haut mit reinem Nachtkerzen\u00f6l, wertvollem Kamelien\u00f6l und feuchtigkeitsspendenden Essenzen. F\u00fcr streichelzarte Haut.<\/p>\n","protected":false},"excerpt":{"rendered":"<p>Medipharma Cosmetics Nachtkerzen Balsam hautzart beruhigt und pflegt trockene, sensible Haut mit reinem Nachtkerzen\u00f6l, wertvollem Kamelien\u00f6l und feuchtigkeitsspendenden Essenzen. F\u00fcr streichelzarte Haut.<\/p>\n","protected":false},"featured_media":22746,"template":"","meta":{"_acf_changed":false},"product_brand":[731],"product_cat":[308],"product_tag":[],"class_list":{"0":"post-22744","1":"product","2":"type-product","3":"status-publish","4":"has-post-thumbnail","6":"product_brand-theiss","7":"product_cat-m","8":"pa_packungsgroesse-200ml","10":"first","11":"instock","12":"shipping-taxable","13":"purchasable","14":"product-type-simple"},"acf":[],"_links":{"self":[{"href":"https:\/\/www.hirtenberg-apotheke.at\/katalog\/wp-json\/wp\/v2\/product\/22744","targetHints":{"allow":["GET"]}}],"collection":[{"href":"https:\/\/www.hirtenberg-apotheke.at\/katalog\/wp-json\/wp\/v2\/product"}],"about":[{"href":"https:\/\/www.hirtenberg-apotheke.at\/katalog\/wp-json\/wp\/v2\/types\/product"}],"wp:featuredmedia":[{"embeddable":true,"href":"https:\/\/www.hirtenberg-apotheke.at\/katalog\/wp-json\/wp\/v2\/media\/22746"}],"wp:attachment":[{"href":"https:\/\/www.hirtenberg-apotheke.at\/katalog\/wp-json\/wp\/v2\/media?parent=22744"}],"wp:term":[{"taxonomy":"product_brand","embeddable":true,"href":"https:\/\/www.hirtenberg-apotheke.at\/katalog\/wp-json\/wp\/v2\/product_brand?post=22744"},{"taxonomy":"product_cat","embeddable":true,"href":"https:\/\/www.hirtenberg-apotheke.at\/katalog\/wp-json\/wp\/v2\/product_cat?post=22744"},{"taxonomy":"product_tag","embeddable":true,"href":"https:\/\/www.hirtenberg-apotheke.at\/katalog\/wp-json\/wp\/v2\/product_tag?post=22744"}],"curies":[{"name":"wp","href":"https:\/\/api.w.org\/{rel}","templated":true}]}}