{"id":22747,"date":"2025-11-25T19:17:32","date_gmt":"2025-11-25T18:17:32","guid":{"rendered":"https:\/\/www.hirtenberg-apotheke.at\/katalog\/produkt\/tiroler-steinoel-duschgel-200-ml\/"},"modified":"2025-11-25T19:17:51","modified_gmt":"2025-11-25T18:17:51","slug":"tiroler-steinoel-duschgel-200-ml","status":"publish","type":"product","link":"https:\/\/www.hirtenberg-apotheke.at\/katalog\/produkt\/tiroler-steinoel-duschgel-200-ml\/","title":{"rendered":"Tiroler Stein\u00f6l Duschgel 200 ml"},"content":{"rendered":"<p>Tiroler Stein\u00f6l Duschgel wirkt besonders hautsch\u00fctzend und pflegend durch hochwertige Inhaltsstoffe pflanzlichen Ursprungs sowie Vitamin E. F\u00fcr normale und empfindliche Haut, pH-hautneutral. Angenehm r\u00fcckfettende Wirkung, zur t\u00e4glichen Anwendung bestens geeignet<\/p>\n","protected":false},"excerpt":{"rendered":"<p>Tiroler Stein\u00f6l Duschgel wirkt besonders hautsch\u00fctzend und pflegend durch hochwertige Inhaltsstoffe pflanzlichen Ursprungs sowie Vitamin E. F\u00fcr normale und empfindliche Haut, pH-hautneutral. Angenehm r\u00fcckfettende Wirkung, zur t\u00e4glichen Anwendung bestens geeignet<\/p>\n","protected":false},"featured_media":0,"template":"","meta":{"_acf_changed":false},"product_brand":[],"product_cat":[319],"product_tag":[],"class_list":{"0":"post-22747","1":"product","2":"type-product","3":"status-publish","5":"product_cat-t","6":"pa_packungsgroesse-200ml","8":"first","9":"instock","10":"shipping-taxable","11":"purchasable","12":"product-type-simple"},"acf":[],"_links":{"self":[{"href":"https:\/\/www.hirtenberg-apotheke.at\/katalog\/wp-json\/wp\/v2\/product\/22747","targetHints":{"allow":["GET"]}}],"collection":[{"href":"https:\/\/www.hirtenberg-apotheke.at\/katalog\/wp-json\/wp\/v2\/product"}],"about":[{"href":"https:\/\/www.hirtenberg-apotheke.at\/katalog\/wp-json\/wp\/v2\/types\/product"}],"wp:attachment":[{"href":"https:\/\/www.hirtenberg-apotheke.at\/katalog\/wp-json\/wp\/v2\/media?parent=22747"}],"wp:term":[{"taxonomy":"product_brand","embeddable":true,"href":"https:\/\/www.hirtenberg-apotheke.at\/katalog\/wp-json\/wp\/v2\/product_brand?post=22747"},{"taxonomy":"product_cat","embeddable":true,"href":"https:\/\/www.hirtenberg-apotheke.at\/katalog\/wp-json\/wp\/v2\/product_cat?post=22747"},{"taxonomy":"product_tag","embeddable":true,"href":"https:\/\/www.hirtenberg-apotheke.at\/katalog\/wp-json\/wp\/v2\/product_tag?post=22747"}],"curies":[{"name":"wp","href":"https:\/\/api.w.org\/{rel}","templated":true}]}}