{"id":22759,"date":"2025-11-25T19:17:32","date_gmt":"2025-11-25T18:17:32","guid":{"rendered":"https:\/\/www.hirtenberg-apotheke.at\/katalog\/produkt\/medipharma-cosmetics-olivenoel-dermatologische-dusche-200-ml\/"},"modified":"2025-11-25T19:17:59","modified_gmt":"2025-11-25T18:17:59","slug":"medipharma-cosmetics-olivenoel-dermatologische-dusche-200-ml","status":"publish","type":"product","link":"https:\/\/www.hirtenberg-apotheke.at\/katalog\/produkt\/medipharma-cosmetics-olivenoel-dermatologische-dusche-200-ml\/","title":{"rendered":"Medipharma Cosmetics Oliven\u00f6l Dermatologische Dusche 200 ml"},"content":{"rendered":"<p>Medipharma Cosmetics Oliven\u00f6l Dermatologische Dusche ist eine einzigartige Wirkstoffkombination aus Oliven\u00f6l und Urea. Sie reinigt und pflegt trockene, empfindliche Haut mild und schonend. Frei von Farbstoffen, Silikon\u00f6len, Paraffin\u00f6len, Wollwachsen und Parabenen.<\/p>\n","protected":false},"excerpt":{"rendered":"<p>Medipharma Cosmetics Oliven\u00f6l Dermatologische Dusche ist eine einzigartige Wirkstoffkombination aus Oliven\u00f6l und Urea. Sie reinigt und pflegt trockene, empfindliche Haut mild und schonend. Frei von Farbstoffen, Silikon\u00f6len, Paraffin\u00f6len, Wollwachsen und Parabenen.<\/p>\n","protected":false},"featured_media":22761,"template":"","meta":{"_acf_changed":false},"product_brand":[701],"product_cat":[308],"product_tag":[],"class_list":{"0":"post-22759","1":"product","2":"type-product","3":"status-publish","4":"has-post-thumbnail","6":"product_brand-olivenoel-theiss","7":"product_cat-m","8":"pa_packungsgroesse-200ml","10":"first","11":"instock","12":"shipping-taxable","13":"purchasable","14":"product-type-simple"},"acf":[],"_links":{"self":[{"href":"https:\/\/www.hirtenberg-apotheke.at\/katalog\/wp-json\/wp\/v2\/product\/22759","targetHints":{"allow":["GET"]}}],"collection":[{"href":"https:\/\/www.hirtenberg-apotheke.at\/katalog\/wp-json\/wp\/v2\/product"}],"about":[{"href":"https:\/\/www.hirtenberg-apotheke.at\/katalog\/wp-json\/wp\/v2\/types\/product"}],"wp:featuredmedia":[{"embeddable":true,"href":"https:\/\/www.hirtenberg-apotheke.at\/katalog\/wp-json\/wp\/v2\/media\/22761"}],"wp:attachment":[{"href":"https:\/\/www.hirtenberg-apotheke.at\/katalog\/wp-json\/wp\/v2\/media?parent=22759"}],"wp:term":[{"taxonomy":"product_brand","embeddable":true,"href":"https:\/\/www.hirtenberg-apotheke.at\/katalog\/wp-json\/wp\/v2\/product_brand?post=22759"},{"taxonomy":"product_cat","embeddable":true,"href":"https:\/\/www.hirtenberg-apotheke.at\/katalog\/wp-json\/wp\/v2\/product_cat?post=22759"},{"taxonomy":"product_tag","embeddable":true,"href":"https:\/\/www.hirtenberg-apotheke.at\/katalog\/wp-json\/wp\/v2\/product_tag?post=22759"}],"curies":[{"name":"wp","href":"https:\/\/api.w.org\/{rel}","templated":true}]}}