{"id":22786,"date":"2025-11-25T19:17:59","date_gmt":"2025-11-25T18:17:59","guid":{"rendered":"https:\/\/www.hirtenberg-apotheke.at\/katalog\/produkt\/sebamed-unreine-haut-creme-mattierend-50-ml\/"},"modified":"2025-11-25T19:18:16","modified_gmt":"2025-11-25T18:18:16","slug":"sebamed-unreine-haut-creme-mattierend-50-ml","status":"publish","type":"product","link":"https:\/\/www.hirtenberg-apotheke.at\/katalog\/produkt\/sebamed-unreine-haut-creme-mattierend-50-ml\/","title":{"rendered":"Sebamed Unreine Haut Creme Mattierend 50 ml"},"content":{"rendered":"<p>sebamed UNREINE HAUT mattierende Creme reguliert die Talgbildung, hat einen mattierenden Effekt und hilft bei regelm\u00e4\u00dfiger Anwendung, wirksam gegen Hautunreinheiten vorzubeugen. Der hauteigene pH-Wert 5,5 stabilisiert den nat\u00fcrlichen Schutzmantel der Haut und sch\u00fctzt biologisch gegen pickelverursachende Bakterien. Die sehr gute Hautvertr\u00e4glichkeit ist dermatologisch-klinisch best\u00e4tigt.<\/p>\n","protected":false},"excerpt":{"rendered":"<p>sebamed UNREINE HAUT mattierende Creme reguliert die Talgbildung, hat einen mattierenden Effekt und hilft bei regelm\u00e4\u00dfiger Anwendung, wirksam gegen Hautunreinheiten vorzubeugen. Der hauteigene pH-Wert 5,5 stabilisiert den nat\u00fcrlichen Schutzmantel der Haut und sch\u00fctzt biologisch gegen pickelverursachende Bakterien. Die sehr gute Hautvertr\u00e4glichkeit ist dermatologisch-klinisch best\u00e4tigt.<\/p>\n","protected":false},"featured_media":0,"template":"","meta":{"_acf_changed":false},"product_brand":[753],"product_cat":[303],"product_tag":[],"class_list":{"0":"post-22786","1":"product","2":"type-product","3":"status-publish","5":"product_brand-sebamed","6":"product_cat-s","7":"pa_packungsgroesse-50ml","9":"first","10":"instock","11":"shipping-taxable","12":"purchasable","13":"product-type-simple"},"acf":[],"_links":{"self":[{"href":"https:\/\/www.hirtenberg-apotheke.at\/katalog\/wp-json\/wp\/v2\/product\/22786","targetHints":{"allow":["GET"]}}],"collection":[{"href":"https:\/\/www.hirtenberg-apotheke.at\/katalog\/wp-json\/wp\/v2\/product"}],"about":[{"href":"https:\/\/www.hirtenberg-apotheke.at\/katalog\/wp-json\/wp\/v2\/types\/product"}],"wp:attachment":[{"href":"https:\/\/www.hirtenberg-apotheke.at\/katalog\/wp-json\/wp\/v2\/media?parent=22786"}],"wp:term":[{"taxonomy":"product_brand","embeddable":true,"href":"https:\/\/www.hirtenberg-apotheke.at\/katalog\/wp-json\/wp\/v2\/product_brand?post=22786"},{"taxonomy":"product_cat","embeddable":true,"href":"https:\/\/www.hirtenberg-apotheke.at\/katalog\/wp-json\/wp\/v2\/product_cat?post=22786"},{"taxonomy":"product_tag","embeddable":true,"href":"https:\/\/www.hirtenberg-apotheke.at\/katalog\/wp-json\/wp\/v2\/product_tag?post=22786"}],"curies":[{"name":"wp","href":"https:\/\/api.w.org\/{rel}","templated":true}]}}