{"id":22933,"date":"2025-11-25T19:19:48","date_gmt":"2025-11-25T18:19:48","guid":{"rendered":"https:\/\/www.hirtenberg-apotheke.at\/katalog\/produkt\/speick-natural-fluessigseife-300-g\/"},"modified":"2025-11-25T19:19:52","modified_gmt":"2025-11-25T18:19:52","slug":"speick-natural-fluessigseife-300-g","status":"publish","type":"product","link":"https:\/\/www.hirtenberg-apotheke.at\/katalog\/produkt\/speick-natural-fluessigseife-300-g\/","title":{"rendered":"Speick Natural Fl\u00fcssigseife 300 g"},"content":{"rendered":"<p>Die Speick Original Fl\u00fcssigseife reinigt mild. Sie bietet durch ihre spezielle R\u00fcckfettung optimalen Schutz und pflegt beanspruchte H\u00e4nde sanft. Jedes Speick-Produkt enth\u00e4lt den einzigartigen Extrakt der hochalpinen Speick-Pflanze aus kontrolliert biologischer Wildsammlung (kbW).<\/p>\n","protected":false},"excerpt":{"rendered":"<p>Die Speick Original Fl\u00fcssigseife reinigt mild. Sie bietet durch ihre spezielle R\u00fcckfettung optimalen Schutz und pflegt beanspruchte H\u00e4nde sanft. Jedes Speick-Produkt enth\u00e4lt den einzigartigen Extrakt der hochalpinen Speick-Pflanze aus kontrolliert biologischer Wildsammlung (kbW).<\/p>\n","protected":false},"featured_media":22935,"template":"","meta":{"_acf_changed":false},"product_brand":[],"product_cat":[303],"product_tag":[],"class_list":{"0":"post-22933","1":"product","2":"type-product","3":"status-publish","4":"has-post-thumbnail","6":"product_cat-s","7":"pa_packungsgroesse-300ml","9":"first","10":"instock","11":"shipping-taxable","12":"purchasable","13":"product-type-simple"},"acf":[],"_links":{"self":[{"href":"https:\/\/www.hirtenberg-apotheke.at\/katalog\/wp-json\/wp\/v2\/product\/22933","targetHints":{"allow":["GET"]}}],"collection":[{"href":"https:\/\/www.hirtenberg-apotheke.at\/katalog\/wp-json\/wp\/v2\/product"}],"about":[{"href":"https:\/\/www.hirtenberg-apotheke.at\/katalog\/wp-json\/wp\/v2\/types\/product"}],"wp:featuredmedia":[{"embeddable":true,"href":"https:\/\/www.hirtenberg-apotheke.at\/katalog\/wp-json\/wp\/v2\/media\/22935"}],"wp:attachment":[{"href":"https:\/\/www.hirtenberg-apotheke.at\/katalog\/wp-json\/wp\/v2\/media?parent=22933"}],"wp:term":[{"taxonomy":"product_brand","embeddable":true,"href":"https:\/\/www.hirtenberg-apotheke.at\/katalog\/wp-json\/wp\/v2\/product_brand?post=22933"},{"taxonomy":"product_cat","embeddable":true,"href":"https:\/\/www.hirtenberg-apotheke.at\/katalog\/wp-json\/wp\/v2\/product_cat?post=22933"},{"taxonomy":"product_tag","embeddable":true,"href":"https:\/\/www.hirtenberg-apotheke.at\/katalog\/wp-json\/wp\/v2\/product_tag?post=22933"}],"curies":[{"name":"wp","href":"https:\/\/api.w.org\/{rel}","templated":true}]}}