{"id":23021,"date":"2025-11-25T19:20:27","date_gmt":"2025-11-25T18:20:27","guid":{"rendered":"https:\/\/www.hirtenberg-apotheke.at\/katalog\/produkt\/paranix-spray-protect-100-ml\/"},"modified":"2025-11-25T19:20:50","modified_gmt":"2025-11-25T18:20:50","slug":"paranix-spray-protect-100-ml","status":"publish","type":"product","link":"https:\/\/www.hirtenberg-apotheke.at\/katalog\/produkt\/paranix-spray-protect-100-ml\/","title":{"rendered":"Paranix Spray Protect 100 ml"},"content":{"rendered":"<p>Paranix\u00ae L\u00e4use Protect Spray 24h erm\u00f6glicht einen schnellen und langanhaltenden Schutz gegen Kopfl\u00e4use. F\u00fcr die t\u00e4gliche Anwendung geeignet.<\/p>\n","protected":false},"excerpt":{"rendered":"<p>Paranix\u00ae L\u00e4use Protect Spray 24h erm\u00f6glicht einen schnellen und langanhaltenden Schutz gegen Kopfl\u00e4use. F\u00fcr die t\u00e4gliche Anwendung geeignet.<\/p>\n","protected":false},"featured_media":0,"template":"","meta":{"_acf_changed":false},"product_brand":[],"product_cat":[302],"product_tag":[],"class_list":{"0":"post-23021","1":"product","2":"type-product","3":"status-publish","5":"product_cat-p","6":"pa_packungsgroesse-100ml","8":"first","9":"instock","10":"shipping-taxable","11":"purchasable","12":"product-type-simple"},"acf":[],"_links":{"self":[{"href":"https:\/\/www.hirtenberg-apotheke.at\/katalog\/wp-json\/wp\/v2\/product\/23021","targetHints":{"allow":["GET"]}}],"collection":[{"href":"https:\/\/www.hirtenberg-apotheke.at\/katalog\/wp-json\/wp\/v2\/product"}],"about":[{"href":"https:\/\/www.hirtenberg-apotheke.at\/katalog\/wp-json\/wp\/v2\/types\/product"}],"wp:attachment":[{"href":"https:\/\/www.hirtenberg-apotheke.at\/katalog\/wp-json\/wp\/v2\/media?parent=23021"}],"wp:term":[{"taxonomy":"product_brand","embeddable":true,"href":"https:\/\/www.hirtenberg-apotheke.at\/katalog\/wp-json\/wp\/v2\/product_brand?post=23021"},{"taxonomy":"product_cat","embeddable":true,"href":"https:\/\/www.hirtenberg-apotheke.at\/katalog\/wp-json\/wp\/v2\/product_cat?post=23021"},{"taxonomy":"product_tag","embeddable":true,"href":"https:\/\/www.hirtenberg-apotheke.at\/katalog\/wp-json\/wp\/v2\/product_tag?post=23021"}],"curies":[{"name":"wp","href":"https:\/\/api.w.org\/{rel}","templated":true}]}}