{"id":23032,"date":"2025-11-25T19:20:49","date_gmt":"2025-11-25T18:20:49","guid":{"rendered":"https:\/\/www.hirtenberg-apotheke.at\/katalog\/produkt\/s-calon-protect-spray-100-ml\/"},"modified":"2025-11-25T19:21:02","modified_gmt":"2025-11-25T18:21:02","slug":"s-calon-protect-spray-100-ml","status":"publish","type":"product","link":"https:\/\/www.hirtenberg-apotheke.at\/katalog\/produkt\/s-calon-protect-spray-100-ml\/","title":{"rendered":"S.Calon Protect Spray 100 ml"},"content":{"rendered":"<p>S.calon protect Spray: sch\u00fctzt vor Kopfl\u00e4usen bis zu 12h wirksam maximaler Schutz f\u00fcr einen ganzen Tag in Schule und Kindergarten f\u00fcr den t\u00e4glichen Gebrauch geeignet schnelle und einfache Anwendung verursacht keine fetten oder klebrigen Haare angenehm frischer Duft dermatologisch getestet f\u00fcr Kinder ab dem 1. Lebensjahr geeignet<\/p>\n","protected":false},"excerpt":{"rendered":"<p>S.calon protect Spray: sch\u00fctzt vor Kopfl\u00e4usen bis zu 12h wirksam maximaler Schutz f\u00fcr einen ganzen Tag in Schule und Kindergarten f\u00fcr den t\u00e4glichen Gebrauch geeignet schnelle und einfache Anwendung verursacht keine fetten oder klebrigen Haare angenehm frischer Duft dermatologisch getestet f\u00fcr Kinder ab dem 1. Lebensjahr geeignet<\/p>\n","protected":false},"featured_media":0,"template":"","meta":{"_acf_changed":false},"product_brand":[],"product_cat":[303],"product_tag":[],"class_list":{"0":"post-23032","1":"product","2":"type-product","3":"status-publish","5":"product_cat-s","6":"pa_packungsgroesse-100ml","8":"first","9":"instock","10":"shipping-taxable","11":"purchasable","12":"product-type-simple"},"acf":[],"_links":{"self":[{"href":"https:\/\/www.hirtenberg-apotheke.at\/katalog\/wp-json\/wp\/v2\/product\/23032","targetHints":{"allow":["GET"]}}],"collection":[{"href":"https:\/\/www.hirtenberg-apotheke.at\/katalog\/wp-json\/wp\/v2\/product"}],"about":[{"href":"https:\/\/www.hirtenberg-apotheke.at\/katalog\/wp-json\/wp\/v2\/types\/product"}],"wp:attachment":[{"href":"https:\/\/www.hirtenberg-apotheke.at\/katalog\/wp-json\/wp\/v2\/media?parent=23032"}],"wp:term":[{"taxonomy":"product_brand","embeddable":true,"href":"https:\/\/www.hirtenberg-apotheke.at\/katalog\/wp-json\/wp\/v2\/product_brand?post=23032"},{"taxonomy":"product_cat","embeddable":true,"href":"https:\/\/www.hirtenberg-apotheke.at\/katalog\/wp-json\/wp\/v2\/product_cat?post=23032"},{"taxonomy":"product_tag","embeddable":true,"href":"https:\/\/www.hirtenberg-apotheke.at\/katalog\/wp-json\/wp\/v2\/product_tag?post=23032"}],"curies":[{"name":"wp","href":"https:\/\/api.w.org\/{rel}","templated":true}]}}