{"id":23082,"date":"2025-11-25T19:21:16","date_gmt":"2025-11-25T18:21:16","guid":{"rendered":"https:\/\/www.hirtenberg-apotheke.at\/katalog\/produkt\/laus-und-nissenkamm-bzw-staub-kunststoff-1-stk\/"},"modified":"2025-11-25T19:21:40","modified_gmt":"2025-11-25T18:21:40","slug":"laus-und-nissenkamm-bzw-staub-kunststoff-1-stk","status":"publish","type":"product","link":"https:\/\/www.hirtenberg-apotheke.at\/katalog\/produkt\/laus-und-nissenkamm-bzw-staub-kunststoff-1-stk\/","title":{"rendered":"Laus- und Nissenkamm bzw. Staub Kunststoff 1 Stk."},"content":{"rendered":"<p>Laus- und Nissenkamm bzw. Staub Kunststoff entfernt Kopfl\u00e4use und Nissen sowie deren Eier problemlos. Die doppelte Zahnreihe erm\u00f6glicht gr\u00fcndliches Ausk\u00e4mmen. Die abgerundeten Z\u00e4hne verhindern das Aufkratzen bereits gereizter Kopfhaut.<\/p>\n","protected":false},"excerpt":{"rendered":"<p>Laus- und Nissenkamm bzw. Staub Kunststoff entfernt Kopfl\u00e4use und Nissen sowie deren Eier problemlos. Die doppelte Zahnreihe erm\u00f6glicht gr\u00fcndliches Ausk\u00e4mmen. Die abgerundeten Z\u00e4hne verhindern das Aufkratzen bereits gereizter Kopfhaut.<\/p>\n","protected":false},"featured_media":0,"template":"","meta":{"_acf_changed":false},"product_brand":[],"product_cat":[317],"product_tag":[],"class_list":{"0":"post-23082","1":"product","2":"type-product","3":"status-publish","5":"product_cat-l","6":"pa_packungsgroesse-1-stueck","8":"first","9":"instock","10":"shipping-taxable","11":"purchasable","12":"product-type-simple"},"acf":[],"_links":{"self":[{"href":"https:\/\/www.hirtenberg-apotheke.at\/katalog\/wp-json\/wp\/v2\/product\/23082","targetHints":{"allow":["GET"]}}],"collection":[{"href":"https:\/\/www.hirtenberg-apotheke.at\/katalog\/wp-json\/wp\/v2\/product"}],"about":[{"href":"https:\/\/www.hirtenberg-apotheke.at\/katalog\/wp-json\/wp\/v2\/types\/product"}],"wp:attachment":[{"href":"https:\/\/www.hirtenberg-apotheke.at\/katalog\/wp-json\/wp\/v2\/media?parent=23082"}],"wp:term":[{"taxonomy":"product_brand","embeddable":true,"href":"https:\/\/www.hirtenberg-apotheke.at\/katalog\/wp-json\/wp\/v2\/product_brand?post=23082"},{"taxonomy":"product_cat","embeddable":true,"href":"https:\/\/www.hirtenberg-apotheke.at\/katalog\/wp-json\/wp\/v2\/product_cat?post=23082"},{"taxonomy":"product_tag","embeddable":true,"href":"https:\/\/www.hirtenberg-apotheke.at\/katalog\/wp-json\/wp\/v2\/product_tag?post=23082"}],"curies":[{"name":"wp","href":"https:\/\/api.w.org\/{rel}","templated":true}]}}