{"id":23092,"date":"2025-11-25T19:21:39","date_gmt":"2025-11-25T18:21:39","guid":{"rendered":"https:\/\/www.hirtenberg-apotheke.at\/katalog\/produkt\/vichy-homme-sensi-mineralbalsam-ca-aftershave-fuer-empfindliche-haut\/"},"modified":"2025-11-25T19:21:46","modified_gmt":"2025-11-25T18:21:46","slug":"vichy-homme-sensi-mineralbalsam-ca-aftershave-fuer-empfindliche-haut","status":"publish","type":"product","link":"https:\/\/www.hirtenberg-apotheke.at\/katalog\/produkt\/vichy-homme-sensi-mineralbalsam-ca-aftershave-fuer-empfindliche-haut\/","title":{"rendered":"Vichy HOMME Sensi-Mineralbalsam CA Aftershave f\u00fcr empfindliche Haut"},"content":{"rendered":"<p>VICHY Homme Sensi Hautberuhigender Balsam ist ein regenerierender After-Shave-Balsam f\u00fcr empfindliche Haut. F\u00fcr M\u00e4nner mit empfindlicher Haut, die Rasurbrand und Irritationen nach der Rasur vorbeugen m\u00f6chten.<\/p>\n","protected":false},"excerpt":{"rendered":"<p>VICHY Homme Sensi Hautberuhigender Balsam ist ein regenerierender After-Shave-Balsam f\u00fcr empfindliche Haut. F\u00fcr M\u00e4nner mit empfindlicher Haut, die Rasurbrand und Irritationen nach der Rasur vorbeugen m\u00f6chten.<\/p>\n","protected":false},"featured_media":0,"template":"","meta":{"_acf_changed":false},"product_brand":[691],"product_cat":[300],"product_tag":[],"class_list":{"0":"post-23092","1":"product","2":"type-product","3":"status-publish","5":"product_brand-vichy","6":"product_cat-v","7":"pa_packungsgroesse-75ml","9":"first","10":"instock","11":"shipping-taxable","12":"purchasable","13":"product-type-simple"},"acf":[],"_links":{"self":[{"href":"https:\/\/www.hirtenberg-apotheke.at\/katalog\/wp-json\/wp\/v2\/product\/23092","targetHints":{"allow":["GET"]}}],"collection":[{"href":"https:\/\/www.hirtenberg-apotheke.at\/katalog\/wp-json\/wp\/v2\/product"}],"about":[{"href":"https:\/\/www.hirtenberg-apotheke.at\/katalog\/wp-json\/wp\/v2\/types\/product"}],"wp:attachment":[{"href":"https:\/\/www.hirtenberg-apotheke.at\/katalog\/wp-json\/wp\/v2\/media?parent=23092"}],"wp:term":[{"taxonomy":"product_brand","embeddable":true,"href":"https:\/\/www.hirtenberg-apotheke.at\/katalog\/wp-json\/wp\/v2\/product_brand?post=23092"},{"taxonomy":"product_cat","embeddable":true,"href":"https:\/\/www.hirtenberg-apotheke.at\/katalog\/wp-json\/wp\/v2\/product_cat?post=23092"},{"taxonomy":"product_tag","embeddable":true,"href":"https:\/\/www.hirtenberg-apotheke.at\/katalog\/wp-json\/wp\/v2\/product_tag?post=23092"}],"curies":[{"name":"wp","href":"https:\/\/api.w.org\/{rel}","templated":true}]}}