{"id":23096,"date":"2025-11-25T19:21:39","date_gmt":"2025-11-25T18:21:39","guid":{"rendered":"https:\/\/www.hirtenberg-apotheke.at\/katalog\/produkt\/vichy-homme-hydra-mag-c-feuchtigkeitspflege\/"},"modified":"2025-11-25T19:21:50","modified_gmt":"2025-11-25T18:21:50","slug":"vichy-homme-hydra-mag-c-feuchtigkeitspflege","status":"publish","type":"product","link":"https:\/\/www.hirtenberg-apotheke.at\/katalog\/produkt\/vichy-homme-hydra-mag-c-feuchtigkeitspflege\/","title":{"rendered":"Vichy HOMME Hydra MAG C+ Feuchtigkeitspflege"},"content":{"rendered":"<p>Feuchtigkeitspflege Anti-M\u00fcdigkeit f\u00fcr Gesicht und Augen. F\u00fcr M\u00e4nner mit empfindlicher Haut, die Anzeichen von M\u00fcdigkeit aufweist: trockene Haut, matter Teint, abgespanntes Aussehen, Augenringe, Tr\u00e4nens\u00e4cke..<\/p>\n","protected":false},"excerpt":{"rendered":"<p>Feuchtigkeitspflege Anti-M\u00fcdigkeit f\u00fcr Gesicht und Augen. F\u00fcr M\u00e4nner mit empfindlicher Haut, die Anzeichen von M\u00fcdigkeit aufweist: trockene Haut, matter Teint, abgespanntes Aussehen, Augenringe, Tr\u00e4nens\u00e4cke..<\/p>\n","protected":false},"featured_media":0,"template":"","meta":{"_acf_changed":false},"product_brand":[691],"product_cat":[300],"product_tag":[],"class_list":{"0":"post-23096","1":"product","2":"type-product","3":"status-publish","5":"product_brand-vichy","6":"product_cat-v","7":"pa_packungsgroesse-50ml","9":"first","10":"instock","11":"shipping-taxable","12":"purchasable","13":"product-type-simple"},"acf":[],"_links":{"self":[{"href":"https:\/\/www.hirtenberg-apotheke.at\/katalog\/wp-json\/wp\/v2\/product\/23096","targetHints":{"allow":["GET"]}}],"collection":[{"href":"https:\/\/www.hirtenberg-apotheke.at\/katalog\/wp-json\/wp\/v2\/product"}],"about":[{"href":"https:\/\/www.hirtenberg-apotheke.at\/katalog\/wp-json\/wp\/v2\/types\/product"}],"wp:attachment":[{"href":"https:\/\/www.hirtenberg-apotheke.at\/katalog\/wp-json\/wp\/v2\/media?parent=23096"}],"wp:term":[{"taxonomy":"product_brand","embeddable":true,"href":"https:\/\/www.hirtenberg-apotheke.at\/katalog\/wp-json\/wp\/v2\/product_brand?post=23096"},{"taxonomy":"product_cat","embeddable":true,"href":"https:\/\/www.hirtenberg-apotheke.at\/katalog\/wp-json\/wp\/v2\/product_cat?post=23096"},{"taxonomy":"product_tag","embeddable":true,"href":"https:\/\/www.hirtenberg-apotheke.at\/katalog\/wp-json\/wp\/v2\/product_tag?post=23096"}],"curies":[{"name":"wp","href":"https:\/\/api.w.org\/{rel}","templated":true}]}}