{"id":23129,"date":"2025-11-25T19:21:55","date_gmt":"2025-11-25T18:21:55","guid":{"rendered":"https:\/\/www.hirtenberg-apotheke.at\/katalog\/produkt\/olivenoel-uomo-gesichtscreme-50-ml\/"},"modified":"2025-11-25T19:22:20","modified_gmt":"2025-11-25T18:22:20","slug":"olivenoel-uomo-gesichtscreme-50-ml","status":"publish","type":"product","link":"https:\/\/www.hirtenberg-apotheke.at\/katalog\/produkt\/olivenoel-uomo-gesichtscreme-50-ml\/","title":{"rendered":"OLIVEN\u00d6L UOMO Gesichtscreme 50 ML"},"content":{"rendered":"<p>Medipharma Cosmetics Oliven\u00f6l Per Uomo Gesichtscreme pflegt speziell trockene M\u00e4nnerhaut. Die t\u00e4glichen Strapazen der Haut k\u00f6nnen mit dieser Creme regeneriert werden. Dazu enth\u00e4lt das Produkt eine Anti-Stress-Formel und kalt gepresstes Oliven\u00f6l. Dieses ist besonders reichhaltig und macht raue, durch den Wind gegerbte Haut wieder streichelzart.<\/p>\n","protected":false},"excerpt":{"rendered":"<p>Medipharma Cosmetics Oliven\u00f6l Per Uomo Gesichtscreme pflegt speziell trockene M\u00e4nnerhaut. Die t\u00e4glichen Strapazen der Haut k\u00f6nnen mit dieser Creme regeneriert werden. Dazu enth\u00e4lt das Produkt eine Anti-Stress-Formel und kalt gepresstes Oliven\u00f6l. Dieses ist besonders reichhaltig und macht raue, durch den Wind gegerbte Haut wieder streichelzart.<\/p>\n","protected":false},"featured_media":23131,"template":"","meta":{"_acf_changed":false},"product_brand":[701],"product_cat":[349],"product_tag":[],"class_list":{"0":"post-23129","1":"product","2":"type-product","3":"status-publish","4":"has-post-thumbnail","6":"product_brand-olivenoel-theiss","7":"product_cat-o","8":"pa_packungsgroesse-50ml","10":"first","11":"instock","12":"shipping-taxable","13":"purchasable","14":"product-type-simple"},"acf":[],"_links":{"self":[{"href":"https:\/\/www.hirtenberg-apotheke.at\/katalog\/wp-json\/wp\/v2\/product\/23129","targetHints":{"allow":["GET"]}}],"collection":[{"href":"https:\/\/www.hirtenberg-apotheke.at\/katalog\/wp-json\/wp\/v2\/product"}],"about":[{"href":"https:\/\/www.hirtenberg-apotheke.at\/katalog\/wp-json\/wp\/v2\/types\/product"}],"wp:featuredmedia":[{"embeddable":true,"href":"https:\/\/www.hirtenberg-apotheke.at\/katalog\/wp-json\/wp\/v2\/media\/23131"}],"wp:attachment":[{"href":"https:\/\/www.hirtenberg-apotheke.at\/katalog\/wp-json\/wp\/v2\/media?parent=23129"}],"wp:term":[{"taxonomy":"product_brand","embeddable":true,"href":"https:\/\/www.hirtenberg-apotheke.at\/katalog\/wp-json\/wp\/v2\/product_brand?post=23129"},{"taxonomy":"product_cat","embeddable":true,"href":"https:\/\/www.hirtenberg-apotheke.at\/katalog\/wp-json\/wp\/v2\/product_cat?post=23129"},{"taxonomy":"product_tag","embeddable":true,"href":"https:\/\/www.hirtenberg-apotheke.at\/katalog\/wp-json\/wp\/v2\/product_tag?post=23129"}],"curies":[{"name":"wp","href":"https:\/\/api.w.org\/{rel}","templated":true}]}}