{"id":23148,"date":"2025-11-25T19:22:22","date_gmt":"2025-11-25T18:22:22","guid":{"rendered":"https:\/\/www.hirtenberg-apotheke.at\/katalog\/produkt\/weleda-feuchtigkeitscreme-fuer-den-mann-30-ml\/"},"modified":"2025-11-25T19:22:32","modified_gmt":"2025-11-25T18:22:32","slug":"weleda-feuchtigkeitscreme-fuer-den-mann-30-ml","status":"publish","type":"product","link":"https:\/\/www.hirtenberg-apotheke.at\/katalog\/produkt\/weleda-feuchtigkeitscreme-fuer-den-mann-30-ml\/","title":{"rendered":"Weleda Feuchtigkeitscreme f\u00fcr den Mann 30 ml"},"content":{"rendered":"<p>Weleda Feuchtigkeitscreme f\u00fcr den Mann ist eine leichte Feuchtigkeitspflege, die sofort einzieht und die Haut geschmeidig h\u00e4lt. Sesam- und Jojoba\u00f6l pflegen und sch\u00fctzen die Haut vor Umwelteinfl\u00fcssen. Nat\u00fcrliche \u00e4therische \u00d6le verleihen einen frischen Duft.<\/p>\n","protected":false},"excerpt":{"rendered":"<p>Weleda Feuchtigkeitscreme f\u00fcr den Mann ist eine leichte Feuchtigkeitspflege, die sofort einzieht und die Haut geschmeidig h\u00e4lt. Sesam- und Jojoba\u00f6l pflegen und sch\u00fctzen die Haut vor Umwelteinfl\u00fcssen. Nat\u00fcrliche \u00e4therische \u00d6le verleihen einen frischen Duft.<\/p>\n","protected":false},"featured_media":0,"template":"","meta":{"_acf_changed":false},"product_brand":[554],"product_cat":[368],"product_tag":[],"class_list":{"0":"post-23148","1":"product","2":"type-product","3":"status-publish","5":"product_brand-weleda","6":"product_cat-w","7":"pa_packungsgroesse-30ml","9":"first","10":"instock","11":"shipping-taxable","12":"purchasable","13":"product-type-simple"},"acf":[],"_links":{"self":[{"href":"https:\/\/www.hirtenberg-apotheke.at\/katalog\/wp-json\/wp\/v2\/product\/23148","targetHints":{"allow":["GET"]}}],"collection":[{"href":"https:\/\/www.hirtenberg-apotheke.at\/katalog\/wp-json\/wp\/v2\/product"}],"about":[{"href":"https:\/\/www.hirtenberg-apotheke.at\/katalog\/wp-json\/wp\/v2\/types\/product"}],"wp:attachment":[{"href":"https:\/\/www.hirtenberg-apotheke.at\/katalog\/wp-json\/wp\/v2\/media?parent=23148"}],"wp:term":[{"taxonomy":"product_brand","embeddable":true,"href":"https:\/\/www.hirtenberg-apotheke.at\/katalog\/wp-json\/wp\/v2\/product_brand?post=23148"},{"taxonomy":"product_cat","embeddable":true,"href":"https:\/\/www.hirtenberg-apotheke.at\/katalog\/wp-json\/wp\/v2\/product_cat?post=23148"},{"taxonomy":"product_tag","embeddable":true,"href":"https:\/\/www.hirtenberg-apotheke.at\/katalog\/wp-json\/wp\/v2\/product_tag?post=23148"}],"curies":[{"name":"wp","href":"https:\/\/api.w.org\/{rel}","templated":true}]}}